{"id":59,"date":"2013-08-07T13:08:00","date_gmt":"2013-08-07T13:08:00","guid":{"rendered":"http:\/\/doctor.madza-wordpress-premium-themes.com\/?page_id=59"},"modified":"2024-04-19T16:34:09","modified_gmt":"2024-04-19T14:34:09","slug":"contacts","status":"publish","type":"page","link":"https:\/\/msz.k-k.pl\/medyk\/contacts\/","title":{"rendered":""},"content":{"rendered":"<div class=\"vce-row-container\" data-vce-boxed-width=\"true\"><div class=\"vce-row vce-row--col-gap-30 vce-row-equal-height vce-row-content--top\" id=\"el-c6c38b00\" data-vce-do-apply=\"all el-c6c38b00\"><div class=\"vce-row-content\" data-vce-element-content=\"true\"><div class=\"vce-col vce-col--md-auto vce-col--xs-1 vce-col--xs-last vce-col--xs-first vce-col--sm-last vce-col--sm-first vce-col--md-last vce-col--lg-last vce-col--xl-last vce-col--md-first vce-col--lg-first vce-col--xl-first\" id=\"el-0746c42a\"><div class=\"vce-col-inner\" data-vce-do-apply=\"border margin background  el-0746c42a\"><div class=\"vce-col-content\" data-vce-element-content=\"true\" data-vce-do-apply=\"padding el-0746c42a\"><div class=\"vce-text-block\"><div class=\"vce-text-block-wrapper vce\" id=\"el-a1eec9e7\" data-vce-do-apply=\"all el-a1eec9e7\"><h2>Kontakt<\/h2>\n<p>Adres:<br>\nZesp\u00f3\u0142 Szk\u00f3\u0142 Medycznych w K\u0119dzierzynie-Ko\u017alu<br>\nul. Piastowska 12<\/p>\n<p>Wojew\u00f3dzka Szko\u0142a Policealna dzienna<br>\nim. Marii Minczewskiej w K\u0119dzierzynie-Ko\u017alu<br>\nul. Piastowska 12<br>\n47-200 K\u0119dzierzyn-Ko\u017ale<\/p>\n<p>Wojew\u00f3dzka Szko\u0142a Policealna stacjonarna<br>\ni zaoczna w K\u0119dzierzynie-Ko\u017alu<br>\nul. Piastowska 12<br>\n47-200 K\u0119dzierzyn-Ko\u017ale<\/p>\n<p>tel. 077 482 31 08, 077 406 11 20<br>\nfax. 077 482 31 08<br>\nStrona WWW: www.msz.k-k.pl<br>\nE-mail: medyk@k-k.pl<\/p>\n<\/div><\/div><\/div><\/div><\/div><\/div><\/div><\/div><div class=\"vce-row-container\" data-vce-boxed-width=\"true\"><div class=\"vce-row vce-row--col-gap-30 vce-row-equal-height vce-row-content--top\" id=\"el-dc7ee82b\" data-vce-do-apply=\"all el-dc7ee82b\"><div class=\"vce-row-content\" data-vce-element-content=\"true\"><div class=\"vce-col vce-col--md-auto vce-col--xs-1 vce-col--xs-last vce-col--xs-first vce-col--sm-last vce-col--sm-first vce-col--md-last vce-col--lg-last vce-col--xl-last vce-col--md-first vce-col--lg-first vce-col--xl-first\" id=\"el-283e905c\"><div class=\"vce-col-inner\" data-vce-do-apply=\"border margin background  el-283e905c\"><div class=\"vce-col-content\" data-vce-element-content=\"true\" data-vce-do-apply=\"padding el-283e905c\"><div class=\"vce-google-maps vce-google-maps--align-center\"><div class=\"vce-google-maps-wrapper vce vce-google-maps--width-custom vce-google-maps-proportional\" id=\"el-d6ffa422\" data-vce-do-apply=\"all el-d6ffa422\" style=\"width: 100%; height: auto;\"><div class=\"vce-google-maps-inner\" style=\"padding-bottom: 75%;\"><iframe src=\"https:\/\/www.google.com\/maps\/embed?pb=!1m18!1m12!1m3!1d1273.2865411157798!2d18.14025331288577!3d50.33721564431692!2m3!1f0!2f0!3f0!3m2!1i1024!2i768!4f13.1!3m3!1m2!1s0x47111200ffc2e427%3A0x9f70bf8f58493def!2zWmVzcMOzxYIgU3prw7PFgiBNZWR5Y3pueWNo!5e0!3m2!1spl!2spl!4v1713537000156!5m2!1spl!2spl\" width=\"600\" height=\"450\" style=\"border: 0px; pointer-events: none;\" allowfullscreen=\"\" loading=\"lazy\" referrerpolicy=\"no-referrer-when-downgrade\"><\/iframe><\/div><\/div><\/div><\/div><\/div><\/div><\/div><\/div><\/div>\n","protected":false},"excerpt":{"rendered":"<p>Kontakt Adres: Zesp\u00f3\u0142 Szk\u00f3\u0142 Medycznych w K\u0119dzierzynie-Ko\u017alu ul. Piastowska 12 Wojew\u00f3dzka Szko\u0142a Policealna dzienna im. Marii Minczewskiej w K\u0119dzierzynie-Ko\u017alu ul. Piastowska 12 47-200 K\u0119dzierzyn-Ko\u017ale Wojew\u00f3dzka Szko\u0142a Policealna stacjonarna i zaoczna w K\u0119dzierzynie-Ko\u017alu ul. Piastowska 12 47-200 K\u0119dzierzyn-Ko\u017ale tel. 077 482 31 08, 077 406 11 20 fax. 077 482 31 08 Strona WWW: www.msz.k-k.pl E-mail: [&hellip;]<\/p>\n","protected":false},"author":1,"featured_media":0,"parent":0,"menu_order":0,"comment_status":"open","ping_status":"open","template":"","meta":{"_acf_changed":false,"footnotes":""},"class_list":["post-59","page","type-page","status-publish","hentry"],"acf":[],"_links":{"self":[{"href":"https:\/\/msz.k-k.pl\/medyk\/wp-json\/wp\/v2\/pages\/59","targetHints":{"allow":["GET"]}}],"collection":[{"href":"https:\/\/msz.k-k.pl\/medyk\/wp-json\/wp\/v2\/pages"}],"about":[{"href":"https:\/\/msz.k-k.pl\/medyk\/wp-json\/wp\/v2\/types\/page"}],"author":[{"embeddable":true,"href":"https:\/\/msz.k-k.pl\/medyk\/wp-json\/wp\/v2\/users\/1"}],"replies":[{"embeddable":true,"href":"https:\/\/msz.k-k.pl\/medyk\/wp-json\/wp\/v2\/comments?post=59"}],"version-history":[{"count":5,"href":"https:\/\/msz.k-k.pl\/medyk\/wp-json\/wp\/v2\/pages\/59\/revisions"}],"predecessor-version":[{"id":5079,"href":"https:\/\/msz.k-k.pl\/medyk\/wp-json\/wp\/v2\/pages\/59\/revisions\/5079"}],"wp:attachment":[{"href":"https:\/\/msz.k-k.pl\/medyk\/wp-json\/wp\/v2\/media?parent=59"}],"curies":[{"name":"wp","href":"https:\/\/api.w.org\/{rel}","templated":true}]}}