{"id":5532,"date":"2026-04-02T11:29:10","date_gmt":"2026-04-02T09:29:10","guid":{"rendered":"https:\/\/msz.k-k.pl\/medyk\/?page_id=5532"},"modified":"2026-04-02T11:29:16","modified_gmt":"2026-04-02T09:29:16","slug":"dokumenty-do-pobrania","status":"publish","type":"page","link":"https:\/\/msz.k-k.pl\/medyk\/dokumenty-do-pobrania\/","title":{"rendered":"Dokumenty do pobrania"},"content":{"rendered":"\n<ul class=\"wp-block-list\">\n<li>Wniosek o zapewnienie dost\u0119pno\u015bci <a href=\"https:\/\/msz.k-k.pl\/medyk\/wp-content\/uploads\/2026\/04\/Wniosek_o_zapewnienie_dostepnosci.pdf\">PDF<\/a>, <a href=\"https:\/\/msz.k-k.pl\/medyk\/wp-content\/uploads\/2026\/04\/Wniosek_o_zapewnienie_dostepnosci.docx\">DOCX<\/a><\/li>\n\n\n\n<li>Informacje o dzia\u0142alno\u015bci szko\u0142y w tek\u015bcie \u0142atwym do czytania i rozumienia (ETR) <a href=\"https:\/\/msz.k-k.pl\/medyk\/wp-content\/uploads\/2026\/04\/Informacja-o-dzialalnosci-szkoly-ETR.pdf\">PDF<\/a>, <a href=\"https:\/\/msz.k-k.pl\/medyk\/wp-content\/uploads\/2026\/04\/Informacja-o-dzialalnosci-szkoly-w-tekscie-latwym-do-czytania.docx\">DOCX<\/a><\/li>\n\n\n\n<li>Plan dzia\u0142ania na rzecz poprawy zapewnienia dost\u0119pno\u015bci w latach 2026-2029 <a href=\"https:\/\/msz.k-k.pl\/medyk\/wp-content\/uploads\/2026\/04\/Plan_dostepnosci.pdf\">PDF<\/a>, <a href=\"https:\/\/msz.k-k.pl\/medyk\/wp-content\/uploads\/2026\/04\/Plan_dostepnosci.docx\">DOCX<\/a><\/li>\n<\/ul>\n\n\n\n<p><\/p>\n","protected":false},"excerpt":{"rendered":"","protected":false},"author":1,"featured_media":0,"parent":0,"menu_order":0,"comment_status":"closed","ping_status":"closed","template":"","meta":{"_acf_changed":false,"footnotes":""},"class_list":["post-5532","page","type-page","status-publish","hentry"],"acf":[],"_links":{"self":[{"href":"https:\/\/msz.k-k.pl\/medyk\/wp-json\/wp\/v2\/pages\/5532","targetHints":{"allow":["GET"]}}],"collection":[{"href":"https:\/\/msz.k-k.pl\/medyk\/wp-json\/wp\/v2\/pages"}],"about":[{"href":"https:\/\/msz.k-k.pl\/medyk\/wp-json\/wp\/v2\/types\/page"}],"author":[{"embeddable":true,"href":"https:\/\/msz.k-k.pl\/medyk\/wp-json\/wp\/v2\/users\/1"}],"replies":[{"embeddable":true,"href":"https:\/\/msz.k-k.pl\/medyk\/wp-json\/wp\/v2\/comments?post=5532"}],"version-history":[{"count":1,"href":"https:\/\/msz.k-k.pl\/medyk\/wp-json\/wp\/v2\/pages\/5532\/revisions"}],"predecessor-version":[{"id":5533,"href":"https:\/\/msz.k-k.pl\/medyk\/wp-json\/wp\/v2\/pages\/5532\/revisions\/5533"}],"wp:attachment":[{"href":"https:\/\/msz.k-k.pl\/medyk\/wp-json\/wp\/v2\/media?parent=5532"}],"curies":[{"name":"wp","href":"https:\/\/api.w.org\/{rel}","templated":true}]}}