{"id":5450,"date":"2025-04-30T09:31:01","date_gmt":"2025-04-30T07:31:01","guid":{"rendered":"https:\/\/msz.k-k.pl\/medyk\/?page_id=5450"},"modified":"2025-04-30T11:06:21","modified_gmt":"2025-04-30T09:06:21","slug":"podolog","status":"publish","type":"page","link":"https:\/\/msz.k-k.pl\/medyk\/podolog\/","title":{"rendered":"Podolog"},"content":{"rendered":"<div class=\"vce-row-container\" data-vce-boxed-width=\"true\"><div class=\"vce-row vce-row--col-gap-30 vce-row-equal-height vce-row-content--top\" id=\"el-4996fbce\" data-vce-do-apply=\"all el-4996fbce\"><div class=\"vce-row-content\" data-vce-element-content=\"true\"><div class=\"vce-col vce-col--md-auto vce-col--xs-1 vce-col--xs-last vce-col--xs-first vce-col--sm-last vce-col--sm-first vce-col--md-last vce-col--lg-last vce-col--xl-last vce-col--md-first vce-col--lg-first vce-col--xl-first\" id=\"el-27b769d1\"><div class=\"vce-col-inner\" data-vce-do-apply=\"border margin background  el-27b769d1\"><div class=\"vce-col-content\" data-vce-element-content=\"true\" data-vce-do-apply=\"padding el-27b769d1\"><div class=\"vce-text-block\"><div class=\"vce-text-block-wrapper vce\" id=\"el-e289ac6b\" data-vce-do-apply=\"all el-e289ac6b\">\n<p><strong>System kszta\u0142cenia stacjonarny:<\/strong><\/p>\n\n<p>Chcesz si\u0119 zajmowa\u0107 diagnozowaniem i leczeniem chor\u00f3b st\u00f3p i paznokci \u2013 wybierz kszta\u0142cenie w zawodzie podologa.&nbsp;<\/p>\n\n<p>Nauczysz si\u0119 mi\u0119dzy innymi :<\/p>\n\n<ul class=\"wp-block-list\">\n<li>wykonywania zabieg\u00f3w profilaktyczno \u2013 podologicznych,<\/li>\n\n<li>organizowania prac zwi\u0105zanych z wykonywaniem zabieg\u00f3w podologicznych,<\/li>\n\n<li>prowadzenia edukacji i profilaktyki w zakresie zdrowia st\u00f3p,<\/li>\n\n<li>prowadzenia dokumentacji zwi\u0105zanej z prowadzeniem gabinetu podologicznego.<\/li>\n<\/ul>\n\n<p>Nauka w szkole trwa 4 semestry.<\/p>\n\n<p><strong>Przedmioty teoretyczne<\/strong>:<\/p>\n\n<ul class=\"wp-block-list\">\n<li>j\u0119zyk angielski zawodowy,<\/li>\n\n<li>psychologia z elementami socjologii,<\/li>\n\n<li>j\u0119zyk migowy,<\/li>\n\n<li>organizacja ochrony zdrowia,<\/li>\n\n<li>technologie informatyczne,<\/li>\n\n<li>anatomia i fizjologia,<\/li>\n\n<li>diagnostyka podologiczna,<\/li>\n\n<li>edukacja i profilaktyka w podologii,<\/li>\n\n<li>podstawy chemii i farmakologii,<\/li>\n\n<li>patofizjologia w podologii.<\/li>\n<\/ul>\n\n<p><strong>Przedmioty praktyczne:<\/strong><\/p>\n\n<ul class=\"wp-block-list\">\n<li>pracownia diagnostyki podologicznej,<\/li>\n\n<li>fizjoterapia w podologii,<\/li>\n\n<li>dezynfekcja i sterylizacja w podologii,<\/li>\n\n<li>zabiegi podologiczne,<\/li>\n\n<li>pierwsza pomoc w zagro\u017ceniach zdrowia<\/li>\n<\/ul>\n\n<p><strong>Praktyka zawodowa<\/strong> 280 godzin.<\/p>\n\n<p>Nauka ko\u0144czy si\u0119 egzaminem zawodowym organizowanym przez CKE dla kwalifikacji: <strong>FRK.05&nbsp;&nbsp; \u015awiadczenie us\u0142ug w zakresie zabieg\u00f3w podologicznych.<\/strong><\/p>\n\n<p>Absolwent szko\u0142y mo\u017ce znale\u017a\u0107 zatrudnienie w:<\/p>\n\n<ul class=\"wp-block-list\">\n<li>w prywatnych gabinetach podologicznych,<\/li>\n\n<li>sanatoriach,<\/li>\n\n<li>hospicjach,<\/li>\n\n<li>domach opieki spo\u0142ecznej,<\/li>\n\n<li>gabinetach rehabilitacji,<\/li>\n\n<li>o\u015brodkach wellnes i spa,<\/li>\n\n<li>gabinetach stopy cukrzycowej i trudno goj\u0105cych si\u0119 ran.<\/li>\n<\/ul>\n<\/div><\/div><\/div><\/div><\/div><\/div><\/div><\/div>","protected":false},"excerpt":{"rendered":"<p>System kszta\u0142cenia stacjonarny: Chcesz si\u0119 zajmowa\u0107 diagnozowaniem i leczeniem chor\u00f3b st\u00f3p i paznokci \u2013 wybierz kszta\u0142cenie w zawodzie podologa.&nbsp; Nauczysz si\u0119 mi\u0119dzy innymi : Nauka w szkole trwa 4 semestry. Przedmioty teoretyczne: Przedmioty praktyczne: Praktyka zawodowa 280 godzin. Nauka ko\u0144czy si\u0119 egzaminem zawodowym organizowanym przez CKE dla kwalifikacji: FRK.05&nbsp;&nbsp; \u015awiadczenie us\u0142ug w zakresie zabieg\u00f3w podologicznych. [&hellip;]<\/p>\n","protected":false},"author":1,"featured_media":5455,"parent":0,"menu_order":0,"comment_status":"closed","ping_status":"closed","template":"","meta":{"_acf_changed":false,"footnotes":""},"class_list":["post-5450","page","type-page","status-publish","hentry"],"acf":[],"_links":{"self":[{"href":"https:\/\/msz.k-k.pl\/medyk\/wp-json\/wp\/v2\/pages\/5450","targetHints":{"allow":["GET"]}}],"collection":[{"href":"https:\/\/msz.k-k.pl\/medyk\/wp-json\/wp\/v2\/pages"}],"about":[{"href":"https:\/\/msz.k-k.pl\/medyk\/wp-json\/wp\/v2\/types\/page"}],"author":[{"embeddable":true,"href":"https:\/\/msz.k-k.pl\/medyk\/wp-json\/wp\/v2\/users\/1"}],"replies":[{"embeddable":true,"href":"https:\/\/msz.k-k.pl\/medyk\/wp-json\/wp\/v2\/comments?post=5450"}],"version-history":[{"count":3,"href":"https:\/\/msz.k-k.pl\/medyk\/wp-json\/wp\/v2\/pages\/5450\/revisions"}],"predecessor-version":[{"id":5456,"href":"https:\/\/msz.k-k.pl\/medyk\/wp-json\/wp\/v2\/pages\/5450\/revisions\/5456"}],"wp:featuredmedia":[{"embeddable":true,"href":"https:\/\/msz.k-k.pl\/medyk\/wp-json\/wp\/v2\/media\/5455"}],"wp:attachment":[{"href":"https:\/\/msz.k-k.pl\/medyk\/wp-json\/wp\/v2\/media?parent=5450"}],"curies":[{"name":"wp","href":"https:\/\/api.w.org\/{rel}","templated":true}]}}