{"id":3741,"date":"2021-05-13T13:06:49","date_gmt":"2021-05-13T11:06:49","guid":{"rendered":"http:\/\/msz.k-k.pl\/medyk\/?page_id=3741"},"modified":"2024-04-23T15:13:36","modified_gmt":"2024-04-23T13:13:36","slug":"technik-uslug-kosmetycznych","status":"publish","type":"page","link":"https:\/\/msz.k-k.pl\/medyk\/technik-uslug-kosmetycznych\/","title":{"rendered":"Technik us\u0142ug kosmetycznych"},"content":{"rendered":"<p>[vc_row][vc_column][vc_column_text]<\/p>\n<h2>Wojew\u00f3dzka Szko\u0142a Policealna stacjonarna i zaoczna<\/h2>\n<h3>System kszta\u0142cenia stacjonarny lub zaoczny<\/h3>\n<p><strong>\u00a0<\/strong><strong>TECHNIK US\u0141UG KOSMETYCZNYCH<\/strong><\/p>\n<p>Interesuje Ci\u0119 praca w gabinecie kosmetycznym, podczas kt\u00f3rej b\u0119dziesz prowadzi\u0107 zabiegi upi\u0119kszaj\u0105ce i piel\u0119gnacyjne sk\u00f3ry \u2013 wybierz kszta\u0142cenie w zawodzie technik us\u0142ug kosmetycznych.<\/p>\n<p>Nauczysz si\u0119 mi\u0119dzy innymi:<\/p>\n<ul>\n<li>wykonywa\u0107 zabiegi piel\u0119gnacyjne i upi\u0119kszaj\u0105ce twarzy,<\/li>\n<li>wykonywa\u0107 zabiegi kosmetyczne cia\u0142a, d\u0142oni i st\u00f3p,<\/li>\n<li>dobiera\u0107 kosmetyki oraz \u015brodki piel\u0119gnacyjne przeznaczone dla indywidualnego klienta,<\/li>\n<li>doradza\u0107 w podstawowych kwestiach dbania i piel\u0119gnowania urody,<\/li>\n<li>przeprowadza\u0107 diagnoz\u0119 kosmetyczn\u0105,<\/li>\n<\/ul>\n<p><em>Czas trwania nauki \u2013 2 lata.<\/em><\/p>\n<p>Zaj\u0119cia odbywaj\u0105 si\u0119 w systemie zaocznym.<\/p>\n<p>Program nauczania realizowany jest w postaci zaj\u0119\u0107 teoretycznych w dobrze wyposa\u017conej pracowni kosmetycznej, pracowni masa\u017cu i w pracowni fizjoterapii. S\u0142uchacze nabywaj\u0105 umiej\u0119tno\u015bci wykonywania r\u00f3\u017cnych zabieg\u00f3w higienicznych, piel\u0119gnacyjnych i upi\u0119kszaj\u0105cych podczas praktyk zawodowych w gabinetach kosmetycznych.<\/p>\n<p>Podczas nauki realizowane s\u0105 przedmioty teoretyczne:<\/p>\n<p>&nbsp;<\/p>\n<ul>\n<li>Podstawy przedsi\u0119biorczo\u015bci<\/li>\n<li>Bezpiecze\u0144stwo i higiena pracy w gabinecie kosmetycznym<\/li>\n<li>Podstawy anatomii i fizjologii<\/li>\n<li>Podstawy dermatologii<\/li>\n<li>Kosmetyka<\/li>\n<li>Preparatyka kosmetyczna<\/li>\n<li>Podstawy fizykoterapii<\/li>\n<li>Podstawy zdrowego \u017cywienia<\/li>\n<li>J\u0119zyk obcy zawodowy<\/li>\n<li>Komunikacja spo\u0142eczna i podstawy marketingu<\/li>\n<li>Informatyka w kosmetyce<\/li>\n<\/ul>\n<p>&nbsp;<\/p>\n<p>Przedmioty realizowane w formie zaj\u0119\u0107 praktycznych:<\/p>\n<ul>\n<li>Pracownia makija\u017cu i stylizacji<\/li>\n<li>Pracownia masa\u017cu kosmetycznego<\/li>\n<li>Pracownia kosmetyki twarzy<\/li>\n<li>Pracownia kosmetyki cia\u0142a<\/li>\n<li>Pracownia kosmetyki d\u0142oni i st\u00f3p<\/li>\n<li>Pracownia fizykoterapii<\/li>\n<li>Pierwsza pomoc przedmedyczna<\/li>\n<li>Praktyka zawodowa<\/li>\n<\/ul>\n<p>Nauka w szkole ko\u0144czy si\u0119 przyst\u0105pieniem do egzaminu potwierdzaj\u0105cego kwalifikacje<br \/>\nzawodowe.<\/p>\n<p>Absolwent szko\u0142y uzyskuje prawo do zatrudnienia w :<\/p>\n<ul>\n<li>gabinetach kosmetycznych, odnowy biologicznej i SPA,<\/li>\n<li>studio wiza\u017cu i makija\u017cu,<\/li>\n<li>gabinetach podologicznych, manicure i pedicure,<\/li>\n<li>firmach kosmetycznych,<\/li>\n<li>oraz do prowadzenie w\u0142asnej dzia\u0142alno\u015bci gospodarczej.<\/li>\n<\/ul>\n<p>[\/vc_column_text][\/vc_column][\/vc_row]<\/p>\n","protected":false},"excerpt":{"rendered":"<p>[vc_row][vc_column][vc_column_text] Wojew\u00f3dzka Szko\u0142a Policealna stacjonarna i zaoczna System kszta\u0142cenia stacjonarny lub zaoczny \u00a0TECHNIK US\u0141UG KOSMETYCZNYCH Interesuje Ci\u0119 praca w gabinecie kosmetycznym, podczas kt\u00f3rej b\u0119dziesz prowadzi\u0107 zabiegi upi\u0119kszaj\u0105ce i piel\u0119gnacyjne sk\u00f3ry \u2013 wybierz kszta\u0142cenie w zawodzie technik us\u0142ug kosmetycznych. Nauczysz si\u0119 mi\u0119dzy innymi: wykonywa\u0107 zabiegi piel\u0119gnacyjne i upi\u0119kszaj\u0105ce twarzy, wykonywa\u0107 zabiegi kosmetyczne cia\u0142a, d\u0142oni i st\u00f3p, [&hellip;]<\/p>\n","protected":false},"author":1,"featured_media":4954,"parent":0,"menu_order":0,"comment_status":"closed","ping_status":"closed","template":"","meta":{"_acf_changed":false,"footnotes":""},"class_list":["post-3741","page","type-page","status-publish","hentry"],"acf":[],"_links":{"self":[{"href":"https:\/\/msz.k-k.pl\/medyk\/wp-json\/wp\/v2\/pages\/3741","targetHints":{"allow":["GET"]}}],"collection":[{"href":"https:\/\/msz.k-k.pl\/medyk\/wp-json\/wp\/v2\/pages"}],"about":[{"href":"https:\/\/msz.k-k.pl\/medyk\/wp-json\/wp\/v2\/types\/page"}],"author":[{"embeddable":true,"href":"https:\/\/msz.k-k.pl\/medyk\/wp-json\/wp\/v2\/users\/1"}],"replies":[{"embeddable":true,"href":"https:\/\/msz.k-k.pl\/medyk\/wp-json\/wp\/v2\/comments?post=3741"}],"version-history":[{"count":1,"href":"https:\/\/msz.k-k.pl\/medyk\/wp-json\/wp\/v2\/pages\/3741\/revisions"}],"predecessor-version":[{"id":5143,"href":"https:\/\/msz.k-k.pl\/medyk\/wp-json\/wp\/v2\/pages\/3741\/revisions\/5143"}],"wp:featuredmedia":[{"embeddable":true,"href":"https:\/\/msz.k-k.pl\/medyk\/wp-json\/wp\/v2\/media\/4954"}],"wp:attachment":[{"href":"https:\/\/msz.k-k.pl\/medyk\/wp-json\/wp\/v2\/media?parent=3741"}],"curies":[{"name":"wp","href":"https:\/\/api.w.org\/{rel}","templated":true}]}}