{"id":3690,"date":"2021-03-24T15:35:34","date_gmt":"2021-03-24T14:35:34","guid":{"rendered":"http:\/\/msz.k-k.pl\/medyk\/?page_id=3690"},"modified":"2024-04-25T13:29:52","modified_gmt":"2024-04-25T11:29:52","slug":"deklaracja-dostepnosci","status":"publish","type":"page","link":"https:\/\/msz.k-k.pl\/medyk\/deklaracja-dostepnosci\/","title":{"rendered":"Deklaracja dost\u0119pno\u015bci"},"content":{"rendered":"<p><strong>Deklaracja dost\u0119pno\u015bci<\/strong><\/p>\n<p><strong>\u00a0<\/strong><\/p>\n<ol>\n<li>Wst\u0119p<\/li>\n<\/ol>\n<ul>\n<li>Zesp\u00f3\u0142 Szk\u00f3\u0142 Medycznych w K\u0119dzierzynie \u2013 Ko\u017alu zobowi\u0105zuje si\u0119 zapewni\u0107 dost\u0119pno\u015b\u0107 strony internetowej zgodnie z ustaw\u0105 z dnia 4 kwietnia 2019 r. o dost\u0119pno\u015bci cyfrowej stron internetowych i aplikacji mobilnych podmiot\u00f3w publicznych oraz Decyzj\u0105 wykonawcz\u0105 Komisji (UE) 2018\/1523 z dnia 11 pa\u017adziernika 2018r. ustanawiaj\u0105c\u0105 wz\u00f3r o\u015bwiadczenia w sprawie dost\u0119pno\u015bci zgodnie z dyrektyw\u0105 Parlamentu Europejskiego i Rady (UE) 2016\/2102 w sprawie dost\u0119pno\u015bci stron internetowych i mobilnych aplikacji organ\u00f3w sektora publicznego.<br \/>\nNiniejsze o\u015bwiadczenie w sprawie dost\u0119pno\u015bci ma zastosowanie do\u00a0strony internetowej Zespo\u0142u Szk\u00f3\u0142 Medycznych w K\u0119dzierzynie \u2013 Ko\u017alu <a href=\"http:\/\/www.msz.k-k.pl\">msz.k-k.pl<\/a><\/li>\n<li>Data publikacji strony internetowej: 02.2016 r.<\/li>\n<li>Strona jest na bie\u017c\u0105co aktualizowana.<\/li>\n<li>Strona internetowa jest\u00a0<strong>cz\u0119\u015bciowo zgodna\u00a0<\/strong>z ustaw\u0105 z dnia 4 kwietnia 2019 r. o dost\u0119pno\u015bci cyfrowej stron internetowych i aplikacji mobilnych podmiot\u00f3w publicznych z powodu niezgodno\u015bci lub wy\u0142\u0105cze\u0144 wymienionych poni\u017cej.<\/li>\n<\/ul>\n<ol start=\"2\">\n<li>Niezgodno\u015bci:<\/li>\n<\/ol>\n<ul>\n<li>filmy nie posiadaj\u0105 napis\u00f3w dla os\u00f3b g\u0142uchych,<\/li>\n<li>cz\u0119\u015b\u0107 plik\u00f3w nie jest dost\u0119pnych cyfrowo,<\/li>\n<li>brak odpowiedniej struktury nag\u0142\u00f3wkowej artyku\u0142\u00f3w.<br \/>\nWy\u0142\u0105czenia:<br \/>\nfilmy zosta\u0142y opublikowane przed wej\u015bciem w \u017cycie ustawy o dost\u0119pno\u015bci cyfrowej.<\/li>\n<\/ul>\n<ol start=\"3\">\n<li>Data sporz\u0105dzenia Deklaracji i metoda oceny dost\u0119pno\u015bci cyfrowej<br \/>\nNiniejsze o\u015bwiadczenie sporz\u0105dzono dnia\u00a02020.09.20<br \/>\nO\u015bwiadczenie sporz\u0105dzono na podstawie samooceny dokonanej przez\u00a0podmiot publiczny.<\/li>\n<\/ol>\n<ol start=\"4\">\n<li>Klawisze dost\u0119pu:<\/li>\n<\/ol>\n<ul>\n<li>opr\u00f3cz myszki po witrynie mo\u017cna porusza\u0107 si\u0119 za pomoc\u0105 klawiatury,<\/li>\n<li>klawisz &#8222;TAB&#8221; przesunie kursor do ka\u017cdej z opcji nawigacji lub link\u00f3w na ekranie, po naci\u015bni\u0119ciu Enter nast\u0105pi przej\u015bcie do zaznaczonego odno\u015bnika,<\/li>\n<li>u\u017cywaj\u0105c strza\u0142ek &#8222;w d\u00f3\u0142&#8221; i &#8222;w g\u00f3r\u0119&#8221; mo\u017cna przewija\u0107 stron\u0119.<\/li>\n<\/ul>\n<ol start=\"5\">\n<li>Informacje zwrotne i dane kontaktowe<\/li>\n<\/ol>\n<ul>\n<li>Pod adresem\u00a0<u>https:\/\/msz.k-k.pl<\/u>dost\u0119pne s\u0105\u00a0dane teleadresowe Zespo\u0142u Szk\u00f3\u0142 Medycznych<br \/>\nw K\u0119dzierzynie \u2013 Ko\u017alu.Zesp\u00f3\u0142 Szk\u00f3\u0142 Medycznych w K\u0119dzierzynie \u2013 Ko\u017alu, ul. Piastowska 12, 47-200 K\u0119dzierzyn-Ko\u017ale<br \/>\n<em>Tel.<\/em><strong><em>\u00a0<\/em><\/strong><em>77\u00a0482 31 08 \u2013 sekretariat<br \/>\n<\/em>E-mail: medyk@k-k.pl<\/li>\n<\/ul>\n<ul>\n<li>Pod adresem\u00a0<u>https:\/\/msz.k-k.pl<\/u>dost\u0119pny jest numer telefonu, kt\u00f3ry umo\u017cliwia bezpo\u015bredni kontakt telefoniczny i zg\u0142oszenie braku dost\u0119pno\u015bci cyfrowej.<\/li>\n<li>Powy\u017cszymi drogami mo\u017cna sk\u0142ada\u0107 wnioski o udost\u0119pnienie informacji niedost\u0119pnej oraz sk\u0142ada\u0107 \u017c\u0105dania zapewnienia dost\u0119pno\u015bci.<\/li>\n<\/ul>\n<ol start=\"6\">\n<li>Informacje na temat procedury odwo\u0142awczej<br \/>\nKa\u017cdy ma prawo do wyst\u0105pienia z \u017c\u0105daniem zapewnienia dost\u0119pno\u015bci cyfrowej strony internetowej, aplikacji mobilnej lub jakiego\u015b ich elementu. Mo\u017cna tak\u017ce za\u017c\u0105da\u0107 udost\u0119pnienia informacji za pomoc\u0105 alternatywnego sposobu dost\u0119pu, na przyk\u0142ad przez odczytanie niedost\u0119pnego cyfrowo dokumentu, opisanie zawarto\u015bci filmu bez audiodeskrypcji itp. \u017b\u0105danie powinno zawiera\u0107 dane osoby zg\u0142aszaj\u0105cej \u017c\u0105danie, wskazanie, o kt\u00f3r\u0105 stron\u0119 internetow\u0105 lub aplikacj\u0119 mobiln\u0105 chodzi oraz spos\u00f3b kontaktu. Je\u017celi osoba \u017c\u0105daj\u0105ca zg\u0142asza potrzeb\u0119 otrzymania informacji za pomoc\u0105 alternatywnego sposobu dost\u0119pu, powinna tak\u017ce okre\u015bli\u0107 dogodny dla niej spos\u00f3b przedstawienia tej informacji. Podmiot publiczny powinien zrealizowa\u0107 \u017c\u0105danie niezw\u0142ocznie, nie p\u00f3\u017aniej ni\u017c w ci\u0105gu 7 dni od dnia wyst\u0105pienia z \u017c\u0105daniem. Je\u017celi dotrzymanie tego terminu nie jest mo\u017cliwe, podmiot publiczny niezw\u0142ocznie informuje o tym wnosz\u0105cego \u017c\u0105danie, kiedy realizacja \u017c\u0105dania b\u0119dzie mo\u017cliwa, przy czym termin ten nie mo\u017ce by\u0107 d\u0142u\u017cszy ni\u017c 2 miesi\u0105ce od dnia wyst\u0105pienia z \u017c\u0105daniem. Je\u017celi zapewnienie dost\u0119pno\u015bci cyfrowej nie jest mo\u017cliwe, podmiot publiczny mo\u017ce zaproponowa\u0107 alternatywny spos\u00f3b dost\u0119pu do informacji. W przypadku, gdy podmiot publiczny odm\u00f3wi realizacji \u017c\u0105dania zapewnienia dost\u0119pno\u015bci lub alternatywnego sposobu dost\u0119pu do informacji, wnosz\u0105cy \u017c\u0105danie mo\u017ce z\u0142o\u017cy\u0107 skarg\u0119 w sprawie zapewniana dost\u0119pno\u015bci cyfrowej strony internetowej, aplikacji mobilnej lub elementu strony internetowej, lub aplikacji mobilnej.<br \/>\nPo wyczerpaniu wskazanej wy\u017cej procedury mo\u017cna tak\u017ce z\u0142o\u017cy\u0107 wniosek do Rzecznika Praw Obywatelskich.<br \/>\nLink do strony internetowej Rzecznika Praw Obywatelskich: \u00a0<a href=\"https:\/\/www.rpo.gov.pl\">https:\/\/www.rpo.gov.pl<\/a><\/li>\n<\/ol>\n<ol start=\"7\">\n<li>Dost\u0119pno\u015b\u0107 architektoniczna<\/li>\n<\/ol>\n<ul>\n<li>Zesp\u00f3\u0142 Szk\u00f3\u0142 Medycznych\u00a0 mie\u015bci si\u0119 w dwupi\u0119trowym budynku pod adresem<br \/>\nPiastowska 12, 47-200 K\u0119dzierzyn \u2013 Ko\u017ale.\u00a0 Budynek jest dobrze oznaczony. Nazwa i adres s\u0105 umieszczone w miejscu widocznym i \u0142atwo zauwa\u017calnym.<\/li>\n<li>Budynek jest obiektem zabytkowym, nie jest dostosowany do potrzeb os\u00f3b niepe\u0142nosprawnych:<\/li>\n<li>Do drzwi wej\u015bciowych g\u0142\u00f3wnych prowadz\u0105 schody maj\u0105ce 10 Po przej\u015bciu przez drzwi wej\u015bciowe wchodzimy do holu.<\/li>\n<li>Do szko\u0142y mo\u017cna wej\u015b\u0107 r\u00f3wnie\u017c drzwiami bocznymi, do kt\u00f3rych prowadz\u0105 3 stopnie. Nast\u0119pnie udaj\u0105c si\u0119 w g\u00f3r\u0119 po 9 stopniach dotrze si\u0119 do holu.<\/li>\n<li>Sekretariat mie\u015bci si\u0119 na pierwszym pi\u0119trze. Prowadz\u0105 do niego schody zlokalizowane na wprost drzwi g\u0142\u00f3wnych. Schody sk\u0142adaj\u0105 si\u0119 z\u00a0 dw\u00f3ch cz\u0119\u015bci. Pierwsza cz\u0119\u015b\u0107 ma 11 stopni. Nast\u0119pnie nale\u017cy skr\u0119ci\u0107 w lewo i wej\u015b\u0107 na drug\u0105 cz\u0119\u015b\u0107 schod\u00f3w, kt\u00f3ra ma 10 stopni. Po zej\u015bciu ze schod\u00f3w nale\u017cy skr\u0119ci\u0107 w prawo uda\u0107 si\u0119 do ko\u0144ca korytarza. Sekretariat znajduje si\u0119 na ko\u0144cu korytarza po lewej stronie. Schody wyposa\u017cone s\u0105<br \/>\nw por\u0119cze.<\/li>\n<li>Dla os\u00f3b, kt\u00f3re samodzielnie nie mog\u0105 pokona\u0107 przeszk\u00f3d architektonicznych, przed wej\u015bciem na teren szko\u0142y (na furtce) umieszczony jest numer telefonu do sekretariatu szko\u0142y. W razie potrzeby, mo\u017cna zadzwoni\u0107 na podany numer i pracownik sekretariatu wyjdzie do tej osoby.<\/li>\n<li>W budynku nie ma windy.<\/li>\n<li>Mo\u017cliwe jest wej\u015bcie do budynku z psem asystuj\u0105cym.<\/li>\n<li>Szko\u0142a dysponuje miejscami parkingowymi za budynkiem szko\u0142y.<\/li>\n<\/ul>\n<ol start=\"8\">\n<li>Informacja o dost\u0119pie do t\u0142umacza j\u0119zyka migowego.<br \/>\nSzko\u0142a nie ma posiada t\u0142umacza j\u0119zyka migowego.<\/li>\n<\/ol>\n","protected":false},"excerpt":{"rendered":"<p>Deklaracja dost\u0119pno\u015bci \u00a0 Wst\u0119p Zesp\u00f3\u0142 Szk\u00f3\u0142 Medycznych w K\u0119dzierzynie \u2013 Ko\u017alu zobowi\u0105zuje si\u0119 zapewni\u0107 dost\u0119pno\u015b\u0107 strony internetowej zgodnie z ustaw\u0105 z dnia 4 kwietnia 2019 r. o dost\u0119pno\u015bci cyfrowej stron internetowych i aplikacji mobilnych podmiot\u00f3w publicznych oraz Decyzj\u0105 wykonawcz\u0105 Komisji (UE) 2018\/1523 z dnia 11 pa\u017adziernika 2018r. ustanawiaj\u0105c\u0105 wz\u00f3r o\u015bwiadczenia w sprawie dost\u0119pno\u015bci zgodnie z [&hellip;]<\/p>\n","protected":false},"author":1,"featured_media":0,"parent":0,"menu_order":0,"comment_status":"closed","ping_status":"closed","template":"","meta":{"_acf_changed":false,"footnotes":""},"class_list":["post-3690","page","type-page","status-publish","hentry"],"acf":[],"_links":{"self":[{"href":"https:\/\/msz.k-k.pl\/medyk\/wp-json\/wp\/v2\/pages\/3690","targetHints":{"allow":["GET"]}}],"collection":[{"href":"https:\/\/msz.k-k.pl\/medyk\/wp-json\/wp\/v2\/pages"}],"about":[{"href":"https:\/\/msz.k-k.pl\/medyk\/wp-json\/wp\/v2\/types\/page"}],"author":[{"embeddable":true,"href":"https:\/\/msz.k-k.pl\/medyk\/wp-json\/wp\/v2\/users\/1"}],"replies":[{"embeddable":true,"href":"https:\/\/msz.k-k.pl\/medyk\/wp-json\/wp\/v2\/comments?post=3690"}],"version-history":[{"count":1,"href":"https:\/\/msz.k-k.pl\/medyk\/wp-json\/wp\/v2\/pages\/3690\/revisions"}],"predecessor-version":[{"id":5166,"href":"https:\/\/msz.k-k.pl\/medyk\/wp-json\/wp\/v2\/pages\/3690\/revisions\/5166"}],"wp:attachment":[{"href":"https:\/\/msz.k-k.pl\/medyk\/wp-json\/wp\/v2\/media?parent=3690"}],"curies":[{"name":"wp","href":"https:\/\/api.w.org\/{rel}","templated":true}]}}