{"id":3636,"date":"2021-01-26T12:04:25","date_gmt":"2021-01-26T11:04:25","guid":{"rendered":"http:\/\/msz.k-k.pl\/medyk\/?page_id=3636"},"modified":"2024-06-10T15:47:00","modified_gmt":"2024-06-10T13:47:00","slug":"konkurs-plastyczny","status":"publish","type":"page","link":"https:\/\/msz.k-k.pl\/medyk\/wydarzenia\/konkurs-plastyczny\/","title":{"rendered":"Konkurs plastyczny"},"content":{"rendered":"<div class=\"vce-row-container\" data-vce-boxed-width=\"true\"><div class=\"vce-row vce-row--col-gap-30 vce-row-equal-height vce-row-content--top\" id=\"el-4eafa17a\" data-vce-do-apply=\"all el-4eafa17a\"><div class=\"vce-row-content\" data-vce-element-content=\"true\"><div class=\"vce-col vce-col--md-auto vce-col--xs-1 vce-col--xs-last vce-col--xs-first vce-col--sm-last vce-col--sm-first vce-col--md-last vce-col--lg-last vce-col--xl-last vce-col--md-first vce-col--lg-first vce-col--xl-first\" id=\"el-bfe70488\"><div class=\"vce-col-inner\" data-vce-do-apply=\"border margin background  el-bfe70488\"><div class=\"vce-col-content\" data-vce-element-content=\"true\" data-vce-do-apply=\"padding el-bfe70488\"><div class=\"vce-text-block\"><div class=\"vce-text-block-wrapper vce\" id=\"el-d896c6e2\" data-vce-do-apply=\"all el-d896c6e2\"><h1 style=\"text-align: center;\"><strong>Wr\u0119czenie nagr\u00f3d laureatom konkursu plastycznego \u201eSzczepienia przeciw COVID-19 \u2013 tylko m\u00f3j wyb\u00f3r?\u201d<\/strong><\/h1><h4>Mi\u0142o nam poinformowa\u0107, \u017ce 23 czerwca br., w naszej szkole odby\u0142a si\u0119 uroczysto\u015b\u0107 wr\u0119czenia nagr\u00f3d laureatom Konkursu plastycznego \u201eSzczepienia przeciw COVID-19 \u2013 tylko m\u00f3j wyb\u00f3r?\u201d, organizowanego przez Zesp\u00f3\u0142 Szk\u00f3\u0142 Medycznych w K\u0119dzierzynie \u2013 Ko\u017alu.<\/h4><h4>Jego celem by\u0142o zach\u0119cenie m\u0142odych ludzi do szczepienia przeciw COVID-19, oraz propagowanie bezpiecznych zachowa\u0144 podczas pandemii.<\/h4><h4>Jury konkursu przyzna\u0142o 2 nagrody i 2 wyr\u00f3\u017cnienia, doceniaj\u0105c przede wszystkim kreatywno\u015b\u0107<br>i ciekawe podej\u015bcie do tematu.<\/h4><h4>Wyniki konkursu:<\/h4><p><strong>I miejsce \u2013<\/strong> &nbsp;<strong>Wiktoria Skrzypczak<\/strong><\/p><p><strong>II miejsce \u2013 &nbsp;<\/strong><strong>Weronika Kocur<\/strong><\/p><p><strong>Wyr\u00f3\u017cnienia \u2013 <\/strong><strong>Angelika Furman i Paulina Czerwoniak<\/strong><\/p><h4>Gratulujemy wszystkim laureatom.<\/h4><h4>Nagrodami w konkursie by\u0142y:<\/h4><ul><li><h4>opaska sportowa i g\u0142o\u015bnik bezprzewodowy, ufundowane przez kadr\u0119 kierownicz\u0105 szko\u0142y,<\/h4><\/li><li><h4>kubki termiczne i albumy o Wojew\u00f3dztwie Opolskim, ufundowane przez Marsza\u0142ka Wojew\u00f3dztwa Opolskiego,<\/h4><\/li><li><h4>kaski rowerowe, ufundowane przez Komend\u0119 G\u0142\u00f3wn\u0105 Policji.Przed nami zas\u0142u\u017cone wakacje.<\/h4><\/li><\/ul><h4>Podczas wypoczynku pami\u0119tajmy o bezpiecze\u0144stwie naszym i naszych bliskich. Zapraszamy do wzi\u0119cia udzia\u0142u w kolejnej edycji naszego konkursu.<\/h4><p>[\/vc_column_text][vc_row_inner][vc_column_inner width=\"1\/4\"][vc_single_image image=\"3760\" img_size=\"medium\" alignment=\"center\"][\/vc_column_inner][vc_column_inner width=\"1\/4\"][vc_single_image image=\"3762\" img_size=\"medium\" alignment=\"center\"][\/vc_column_inner][vc_column_inner width=\"1\/4\"][vc_single_image image=\"3761\" img_size=\"medium\" alignment=\"center\"][\/vc_column_inner][vc_column_inner width=\"1\/4\"][vc_single_image image=\"3763\" img_size=\"medium\" alignment=\"center\"][\/vc_column_inner][\/vc_row_inner][vc_empty_space][\/vc_column][\/vc_row][vc_row full_width=\"stretch_row\" background_color=\"#e2e2e2\" css=\".vc_custom_1613988581387{margin-top: 40px !important;background-color: #e2e2e2 !important;}\"][vc_column][vc_empty_space][vc_column_text css_animation=\"top-to-bottom\"]<\/p><h1 style=\"text-align: center;\"><strong>Wyniki konkursu plastycznego - \"Szczepienie przeciw COVID-19 - tylko m\u00f3j wyb\u00f3r\"<\/strong><\/h1><p>[\/vc_column_text][vc_row_inner][vc_column_inner width=\"1\/2\"][vc_single_image image=\"3703\" img_size=\"full\"][vc_column_text]<\/p><h3><strong>I<\/strong>&nbsp;<strong>Miejsce<br>Wiktoria Skrzypczak \u2013 uczennica kl. 2 SMG w Zespole Szk\u00f3\u0142 nr 1 im. Powsta\u0144c\u00f3w \u015al\u0105skich w K\u0119dzierzynie \u2013 Ko\u017alu<\/strong><\/h3><p>[\/vc_column_text][\/vc_column_inner][vc_column_inner width=\"1\/2\"][vc_single_image image=\"3702\" img_size=\"full\"][vc_column_text]<\/p><h3><strong>II Miejsce<br><\/strong><strong>Weronika Kocur z kl. 3 Tsc Centrum Kszta\u0142cenia Zawodowego i Ustawicznego w Strzelcach Opolskich<\/strong><\/h3><p>[\/vc_column_text][\/vc_column_inner][\/vc_row_inner][vc_empty_space height=\"16px\"][vc_column_text]<\/p><h5 style=\"text-align: center;\">Komisja nie przyzna\u0142a 3 miejsca.<\/h5><p>[\/vc_column_text][vc_empty_space height=\"16px\"][\/vc_column][\/vc_row][vc_row][vc_column][vc_column_text]<\/p><p>[\/vc_column_text][\/vc_column][\/vc_row][vc_row full_width=\"stretch_row\" background_color=\"#e2e2e2\" css=\".vc_custom_1613988581387{margin-top: 40px !important;background-color: #e2e2e2 !important;}\"][vc_column][vc_empty_space][vc_column_text css_animation=\"top-to-bottom\"]<\/p><h1 style=\"text-align: center;\"><span style=\"color: #000000;\">Zapraszamy do udzia\u0142u w konkursie plastycznym<\/span><\/h1><h2 style=\"text-align: center;\">Temat prac: \u201eSzczepienie przeciw COVID-19 \u2013 tylko m\u00f3j wyb\u00f3r?\u201d<\/h2><p>[vc_single_image image=\"3640\" img_size=\"400x580\" alignment=\"center\" onclick=\"custom_link\"][vc_empty_space][\/vc_column][\/vc_row][vc_row full_width=\"stretch_row\" padding_top=\"30\" padding_bottom=\"30\"][vc_column][vc_column_text css_animation=\"top-to-bottom\"]<\/p><h4 style=\"text-align: center;\">Zapraszamy wszystkich do wzi\u0119cia udzia\u0142u w konkursie plastycznym \u201eSzczepienie przeciw<br>COVID-19 \u2013 tylko m\u00f3j wyb\u00f3r?\u201d. Konkurs ten polega na zilustrowaniu cel\u00f3w szczepienia przeciw Covid-19, z uwzgl\u0119dnieniem dzia\u0142a\u0144 profilaktycznych i jest adresowany do m\u0142odzie\u017cy szkolnej w wieku 16 \u2013 19 lat. Organizatorem Konkursu jest Zesp\u00f3\u0142 Szk\u00f3\u0142 Medycznych w K\u0119dzierzynie-Ko\u017alu, ul. Piastowska 12 i b\u0119dzie przebiega\u0142 pod patronatem Marsza\u0142ka Wojew\u00f3dztwa Opolskiego.<\/h4><h4 style=\"text-align: center;\">W konkursie b\u0119d\u0105 oceniane tylko te prace, kt\u00f3re zostan\u0105 wykonane samodzielnie.<br>Warunkiem uczestnictwa w Konkursie jest dostarczenie (samodzielnie, przez po\u015brednika,<br>poczt\u0105 lub kurierem) do 9 kwietnia 2021 r. samodzielnie wykonanej pracy konkursowej na adres Zespo\u0142u Szk\u00f3\u0142 Medycznych ul. Piastowska 12, 47-200 K\u0119dzierzyn \u2013 Ko\u017ale (z dopiskiem \u201eKonkurs\u201d) wraz z wype\u0142nion\u0105 i podpisan\u0105 (w przypadku uczni\u00f3w niepe\u0142noletnich przez Opiekuna) kart\u0105 zg\u0142oszenia.<\/h4><h3 style=\"text-align: center;\"><strong>Rozstrzygniecie Konkursu nast\u0105pi 23 kwietnia 2021 r.<\/strong><\/h3><p style=\"text-align: center;\">Zapraszamy do udzia\u0142u. Na laureat\u00f3w czekaj\u0105 atrakcyjne nagrody.<\/p><p>[vc_btn title=\"Regulamin konkursu\" style=\"outline\" shape=\"square\" color=\"black\" align=\"center\" link=\"url:http%3A%2F%2Fmsz.k-k.pl%2Fmedyk%2Fwp-content%2Fuploads%2F2021%2F02%2FRegulamin_konkursu.pdf||\"][vc_btn title=\"Karta zg\u0142oszenia\" style=\"outline\" shape=\"square\" color=\"black\" align=\"center\" link=\"url:http%3A%2F%2Fmsz.k-k.pl%2Fmedyk%2Fwp-content%2Fuploads%2F2021%2F02%2FKarta_zg%C5%82oszenia.pdf||\"][vc_btn title=\"Plakat\" style=\"outline\" shape=\"square\" color=\"black\" align=\"center\" link=\"url:http%3A%2F%2Fmsz.k-k.pl%2Fmedyk%2Fwp-content%2Fuploads%2F2013%2F08%2FPlakat.pdf<\/p><\/div><\/div><\/div><\/div><\/div><\/div><\/div><\/div>\n","protected":false},"excerpt":{"rendered":"<p>Wr\u0119czenie nagr\u00f3d laureatom konkursu plastycznego \u201eSzczepienia przeciw COVID-19 \u2013 tylko m\u00f3j wyb\u00f3r?\u201dMi\u0142o nam poinformowa\u0107, \u017ce 23 czerwca br., w naszej szkole odby\u0142a si\u0119 uroczysto\u015b\u0107 wr\u0119czenia nagr\u00f3d laureatom Konkursu plastycznego \u201eSzczepienia przeciw COVID-19 \u2013 tylko m\u00f3j wyb\u00f3r?\u201d, organizowanego przez Zesp\u00f3\u0142 Szk\u00f3\u0142 Medycznych w K\u0119dzierzynie \u2013 Ko\u017alu.Jego celem by\u0142o zach\u0119cenie m\u0142odych ludzi do szczepienia przeciw COVID-19, oraz [&hellip;]<\/p>\n","protected":false},"author":1,"featured_media":0,"parent":3138,"menu_order":0,"comment_status":"closed","ping_status":"closed","template":"","meta":{"_acf_changed":false,"footnotes":""},"class_list":["post-3636","page","type-page","status-publish","hentry"],"acf":[],"_links":{"self":[{"href":"https:\/\/msz.k-k.pl\/medyk\/wp-json\/wp\/v2\/pages\/3636","targetHints":{"allow":["GET"]}}],"collection":[{"href":"https:\/\/msz.k-k.pl\/medyk\/wp-json\/wp\/v2\/pages"}],"about":[{"href":"https:\/\/msz.k-k.pl\/medyk\/wp-json\/wp\/v2\/types\/page"}],"author":[{"embeddable":true,"href":"https:\/\/msz.k-k.pl\/medyk\/wp-json\/wp\/v2\/users\/1"}],"replies":[{"embeddable":true,"href":"https:\/\/msz.k-k.pl\/medyk\/wp-json\/wp\/v2\/comments?post=3636"}],"version-history":[{"count":2,"href":"https:\/\/msz.k-k.pl\/medyk\/wp-json\/wp\/v2\/pages\/3636\/revisions"}],"predecessor-version":[{"id":5344,"href":"https:\/\/msz.k-k.pl\/medyk\/wp-json\/wp\/v2\/pages\/3636\/revisions\/5344"}],"up":[{"embeddable":true,"href":"https:\/\/msz.k-k.pl\/medyk\/wp-json\/wp\/v2\/pages\/3138"}],"wp:attachment":[{"href":"https:\/\/msz.k-k.pl\/medyk\/wp-json\/wp\/v2\/media?parent=3636"}],"curies":[{"name":"wp","href":"https:\/\/api.w.org\/{rel}","templated":true}]}}