{"id":3323,"date":"2018-05-25T10:45:11","date_gmt":"2018-05-25T08:45:11","guid":{"rendered":"http:\/\/msz.k-k.pl\/medyk\/?page_id=3323"},"modified":"2018-05-25T10:45:11","modified_gmt":"2018-05-25T08:45:11","slug":"ochrona-danych-osobowych","status":"publish","type":"page","link":"https:\/\/msz.k-k.pl\/medyk\/ochrona-danych-osobowych\/","title":{"rendered":"Ochrona danych osobowych"},"content":{"rendered":"<p>[vc_row][vc_column][vc_column_text]<\/p>\n<h4>Administrator danych:<\/h4>\n<div>\n<div>Zesp\u00f3\u0142 Szk\u00f3\u0142 Medycznych w K\u0119dzierzynie-Ko\u017alu<\/div>\n<div>ul.Piastowska 12<\/div>\n<div>47-200 K\u0119dzierzyn-Ko\u017ale<\/div>\n<div>REGON 160230049<\/div>\n<\/div>\n<h4 style=\"margin-top: 15px;\">Inspektor ochrony danych:<\/h4>\n<div>\n<div>Barbara Karpa<\/div>\n<div>ul.Piastowska 12<\/div>\n<div>47-200 K\u0119dzierzyn-Ko\u017ale<\/div>\n<\/div>\n<p>[\/vc_column_text][\/vc_column][\/vc_row]<\/p>\n","protected":false},"excerpt":{"rendered":"<p>[vc_row][vc_column][vc_column_text] Administrator danych: Zesp\u00f3\u0142 Szk\u00f3\u0142 Medycznych w K\u0119dzierzynie-Ko\u017alu ul.Piastowska 12 47-200 K\u0119dzierzyn-Ko\u017ale REGON 160230049 Inspektor ochrony danych: Barbara Karpa ul.Piastowska 12 47-200 K\u0119dzierzyn-Ko\u017ale [\/vc_column_text][\/vc_column][\/vc_row]<\/p>\n","protected":false},"author":1,"featured_media":0,"parent":0,"menu_order":0,"comment_status":"closed","ping_status":"closed","template":"","meta":{"_acf_changed":false,"footnotes":""},"class_list":["post-3323","page","type-page","status-publish","hentry"],"acf":[],"_links":{"self":[{"href":"https:\/\/msz.k-k.pl\/medyk\/wp-json\/wp\/v2\/pages\/3323","targetHints":{"allow":["GET"]}}],"collection":[{"href":"https:\/\/msz.k-k.pl\/medyk\/wp-json\/wp\/v2\/pages"}],"about":[{"href":"https:\/\/msz.k-k.pl\/medyk\/wp-json\/wp\/v2\/types\/page"}],"author":[{"embeddable":true,"href":"https:\/\/msz.k-k.pl\/medyk\/wp-json\/wp\/v2\/users\/1"}],"replies":[{"embeddable":true,"href":"https:\/\/msz.k-k.pl\/medyk\/wp-json\/wp\/v2\/comments?post=3323"}],"version-history":[{"count":0,"href":"https:\/\/msz.k-k.pl\/medyk\/wp-json\/wp\/v2\/pages\/3323\/revisions"}],"wp:attachment":[{"href":"https:\/\/msz.k-k.pl\/medyk\/wp-json\/wp\/v2\/media?parent=3323"}],"curies":[{"name":"wp","href":"https:\/\/api.w.org\/{rel}","templated":true}]}}