{"id":3138,"date":"2016-02-16T17:21:21","date_gmt":"2016-02-16T16:21:21","guid":{"rendered":"http:\/\/www.kubala.tv\/projekty\/msz\/wordpress\/?page_id=3138"},"modified":"2024-06-11T08:55:25","modified_gmt":"2024-06-11T06:55:25","slug":"wydarzenia","status":"publish","type":"page","link":"https:\/\/msz.k-k.pl\/medyk\/wydarzenia\/","title":{"rendered":"Wydarzenia"},"content":{"rendered":"\n<div class=\"wp-block-query is-layout-flow wp-block-query-is-layout-flow\"><ul class=\"columns-3 wp-block-post-template is-layout-grid wp-container-core-post-template-is-layout-2fc57c17 wp-block-post-template-is-layout-grid\"><li class=\"wp-block-post post-5477 post type-post status-publish format-standard hentry category-bez-kategorii\">\n\n<div class=\"wp-block-group\" style=\"padding-top:30px;padding-right:30px;padding-bottom:30px;padding-left:30px\"><div class=\"wp-block-group__inner-container is-layout-flow wp-block-group-is-layout-flow\"><h2 class=\"wp-block-post-title\"><a href=\"https:\/\/msz.k-k.pl\/medyk\/najlepsza-absolwentka\/\" target=\"_self\" >Najlepsza Absolwentka<\/a><\/h2>\n\n<div class=\"wp-block-post-excerpt\"><p class=\"wp-block-post-excerpt__excerpt\">Gratulujemy najlepszej absolwentce szko\u0142y &#8211; z kierunku opiekun medyczny. <\/p><\/div>\n\n<div class=\"wp-block-post-date\"><time datetime=\"2025-07-03T10:48:20+02:00\">2025-07-03<\/time><\/div><\/div><\/div>\n\n<\/li><li class=\"wp-block-post post-5460 post type-post status-publish format-standard hentry category-bez-kategorii\">\n\n<div class=\"wp-block-group\" style=\"padding-top:30px;padding-right:30px;padding-bottom:30px;padding-left:30px\"><div class=\"wp-block-group__inner-container is-layout-flow wp-block-group-is-layout-flow\"><h2 class=\"wp-block-post-title\"><a href=\"https:\/\/msz.k-k.pl\/medyk\/swieto-wojewodztwa\/\" target=\"_self\" >\u015awi\u0119to Wojew\u00f3dztwa<\/a><\/h2>\n\n<div class=\"wp-block-post-excerpt\"><p class=\"wp-block-post-excerpt__excerpt\"> <\/p><\/div>\n\n<div class=\"wp-block-post-date\"><time datetime=\"2025-06-10T10:25:38+02:00\">2025-06-10<\/time><\/div><\/div><\/div>\n\n<\/li><li class=\"wp-block-post post-4135 post type-post status-publish format-standard hentry category-bez-kategorii\">\n\n<div class=\"wp-block-group\" style=\"padding-top:30px;padding-right:30px;padding-bottom:30px;padding-left:30px\"><div class=\"wp-block-group__inner-container is-layout-flow wp-block-group-is-layout-flow\"><h2 class=\"wp-block-post-title\"><a href=\"https:\/\/msz.k-k.pl\/medyk\/konkurs-20-lecie-wojewodztwa-w-ue\/\" target=\"_self\" >Konkurs &#8211; 20-lecie wojew\u00f3dztwa w UE<\/a><\/h2>\n\n<div class=\"wp-block-post-excerpt\"><p class=\"wp-block-post-excerpt__excerpt\">W ramach obchod\u00f3w &#8222;20-lecia Wojew\u00f3dztwa Opolskiego w Unii Europejskiej&#8221; w naszej szkole odby\u0142 si\u0119 konkurs wiedzy o UE pod patronatem Marsza\u0142ka Wojew\u00f3dztwa Opolskiego. Udzia\u0142 w nim wzi\u0119li nasi s\u0142uchacze oraz seniorzy z Domu Dziennego Pobytu \u201eMagnolia\u201d. Po zako\u0144czeniu konkursu, laureaci obydwu kategorii otrzymali warto\u015bciowe nagrody w postaci kart podarunkowych. Uczestnicy konkursu wykazali si\u0119 wszechstronn\u0105 wiedz\u0105&hellip; <\/p><\/div>\n\n<div class=\"wp-block-post-date\"><time datetime=\"2024-02-29T13:24:42+01:00\">2024-02-29<\/time><\/div><\/div><\/div>\n\n<\/li><li class=\"wp-block-post post-4110 post type-post status-publish format-standard hentry category-bez-kategorii\">\n\n<div class=\"wp-block-group\" style=\"padding-top:30px;padding-right:30px;padding-bottom:30px;padding-left:30px\"><div class=\"wp-block-group__inner-container is-layout-flow wp-block-group-is-layout-flow\"><h2 class=\"wp-block-post-title\"><a href=\"https:\/\/msz.k-k.pl\/medyk\/zjazd-absolwentow-2024\/\" target=\"_self\" >Zjazd Absolwent\u00f3w 2024<\/a><\/h2>\n\n<div class=\"wp-block-post-excerpt\"><p class=\"wp-block-post-excerpt__excerpt\">Karta zg\u0142oszenia:\u00a0 DOC\u00a0 PDF Osoby zainteresowane udzia\u0142em w uroczysto\u015bci 50-lecia szko\u0142y informujemy: Zapisy: e-mail: medyk@k-k.pl (temat wiadomo\u015bci \u2013 ZJAZD ABSOLWENT\u00d3W) lub tel: 77\u00a0482 31 08. Potwierdzeniem udzia\u0142u w obchodach g\u0142\u00f3wnych, kt\u00f3re odb\u0119d\u0105 si\u0119 w kinie \u201eTwierdza\u201d w K\u0119dzierzynie-Ko\u017alu ul. Skarbowa 10 b\u0119dzie wp\u0142ata kwoty 120 z\u0142. na konto: Bank Millennium Nr 50 1160 2202 0000&hellip; <\/p><\/div>\n\n<div class=\"wp-block-post-date\"><time datetime=\"2024-02-02T13:41:59+01:00\">2024-02-02<\/time><\/div><\/div><\/div>\n\n<\/li><li class=\"wp-block-post post-4067 post type-post status-publish format-standard hentry category-bez-kategorii\">\n\n<div class=\"wp-block-group\" style=\"padding-top:30px;padding-right:30px;padding-bottom:30px;padding-left:30px\"><div class=\"wp-block-group__inner-container is-layout-flow wp-block-group-is-layout-flow\"><h2 class=\"wp-block-post-title\"><a href=\"https:\/\/msz.k-k.pl\/medyk\/fotorelacja-ze-swiatowego-dnia-zdrowia-ktory-odbyl-sie-15-kwietnia-2023-r-w-galerii-handlowej-odrzanskie-ogrody-pod-haslem-badz-zdrow\/\" target=\"_self\" >Fotorelacja ze \u015awiatowego Dnia Zdrowia, kt\u00f3ry odby\u0142 si\u0119 15 kwietnia 2023 r. w galerii handlowej Odrza\u0144skie Ogrody pod has\u0142em ,,B\u0105d\u017a zdr\u00f3w&#8221;.<\/a><\/h2>\n\n<div class=\"wp-block-post-excerpt\"><p class=\"wp-block-post-excerpt__excerpt\"> <\/p><\/div>\n\n<div class=\"wp-block-post-date\"><time datetime=\"2023-05-16T12:50:23+02:00\">2023-05-16<\/time><\/div><\/div><\/div>\n\n<\/li><li class=\"wp-block-post post-4033 post type-post status-publish format-standard hentry category-bez-kategorii\">\n\n<div class=\"wp-block-group\" style=\"padding-top:30px;padding-right:30px;padding-bottom:30px;padding-left:30px\"><div class=\"wp-block-group__inner-container is-layout-flow wp-block-group-is-layout-flow\"><h2 class=\"wp-block-post-title\"><a href=\"https:\/\/msz.k-k.pl\/medyk\/udzial-w-akcji-odrodzenie\/\" target=\"_self\" >Udzia\u0142 w akcji OdROdzenie<\/a><\/h2>\n\n<div class=\"wp-block-post-excerpt\"><p class=\"wp-block-post-excerpt__excerpt\">Udzia\u0142 w akcji OdROdzenie W dniu 20.01.2023 r. w naszej szkole odby\u0142a si\u0119 konferencja prasowa, podczas kt\u00f3rej Pani Agnieszka Urban nauczycielka pracowni terapii zaj\u0119ciowej poinformowa\u0142a o pomy\u015ble wspierania akcji OdROdzenie. S\u0142uchaczki pierwszego roku terapii zaj\u0119ciowej wykona\u0142y ceramiczne ryby, kt\u00f3re przekaza\u0142y na licytacj\u0119. \u015arodki finansowe pozyskane z licytacji przekazane zostan\u0105 na zarybianie Odry. W spotkaniu uczestniczyli&hellip; <\/p><\/div>\n\n<div class=\"wp-block-post-date\"><time datetime=\"2023-03-28T14:33:48+02:00\">2023-03-28<\/time><\/div><\/div><\/div>\n\n<\/li><\/ul><\/div>\n","protected":false},"excerpt":{"rendered":"","protected":false},"author":1,"featured_media":0,"parent":0,"menu_order":0,"comment_status":"closed","ping_status":"closed","template":"","meta":{"_acf_changed":false,"footnotes":""},"class_list":["post-3138","page","type-page","status-publish","hentry"],"acf":[],"_links":{"self":[{"href":"https:\/\/msz.k-k.pl\/medyk\/wp-json\/wp\/v2\/pages\/3138","targetHints":{"allow":["GET"]}}],"collection":[{"href":"https:\/\/msz.k-k.pl\/medyk\/wp-json\/wp\/v2\/pages"}],"about":[{"href":"https:\/\/msz.k-k.pl\/medyk\/wp-json\/wp\/v2\/types\/page"}],"author":[{"embeddable":true,"href":"https:\/\/msz.k-k.pl\/medyk\/wp-json\/wp\/v2\/users\/1"}],"replies":[{"embeddable":true,"href":"https:\/\/msz.k-k.pl\/medyk\/wp-json\/wp\/v2\/comments?post=3138"}],"version-history":[{"count":3,"href":"https:\/\/msz.k-k.pl\/medyk\/wp-json\/wp\/v2\/pages\/3138\/revisions"}],"predecessor-version":[{"id":5373,"href":"https:\/\/msz.k-k.pl\/medyk\/wp-json\/wp\/v2\/pages\/3138\/revisions\/5373"}],"wp:attachment":[{"href":"https:\/\/msz.k-k.pl\/medyk\/wp-json\/wp\/v2\/media?parent=3138"}],"curies":[{"name":"wp","href":"https:\/\/api.w.org\/{rel}","templated":true}]}}