{"id":2988,"date":"2015-12-31T11:19:21","date_gmt":"2015-12-31T10:19:21","guid":{"rendered":"http:\/\/www.kubala.tv\/projekty\/msz\/wordpress\/?page_id=2988"},"modified":"2025-03-19T11:59:31","modified_gmt":"2025-03-19T10:59:31","slug":"opiekun-medyczny","status":"publish","type":"page","link":"https:\/\/msz.k-k.pl\/medyk\/opiekun-medyczny\/","title":{"rendered":"Opiekun Medyczny"},"content":{"rendered":"<div class=\"vce-row-container\" data-vce-boxed-width=\"true\"><div class=\"vce-row vce-row--col-gap-30 vce-row-equal-height vce-row-content--top\" id=\"el-1af5bcf1\" data-vce-do-apply=\"all el-1af5bcf1\"><div class=\"vce-row-content\" data-vce-element-content=\"true\"><div class=\"vce-col vce-col--md-auto vce-col--xs-1 vce-col--xs-last vce-col--xs-first vce-col--sm-last vce-col--sm-first vce-col--md-last vce-col--lg-last vce-col--xl-last vce-col--md-first vce-col--lg-first vce-col--xl-first\" id=\"el-8028f6b9\"><div class=\"vce-col-inner\" data-vce-do-apply=\"border margin background  el-8028f6b9\"><div class=\"vce-col-content\" data-vce-element-content=\"true\" data-vce-do-apply=\"padding el-8028f6b9\"><div class=\"vce-text-block\"><div class=\"vce-text-block-wrapper vce\" id=\"el-0dfd75a2\" data-vce-do-apply=\"all el-0dfd75a2\"><div><p><noscript><\/p>\n<style>.vce-row-container .vcv-lozad {display: none}<\/style>\n<p><\/noscript><\/p><\/div><div><h3>System kszta\u0142cenia stacjonarny<\/h3><h3>OPIEKUN MEDYCZNY<\/h3><p>Interesuj\u0105 Ci\u0119 nauki medyczne, jeste\u015b wra\u017cliwy na cierpienie drugiego cz\u0142owieka, ch\u0119tnie pomagasz innym, to nauka tego zawodu b\u0119dzie udanym wyborem. W pracy z podopiecznym \u0142atwo nawi\u0105\u017cesz kontakt, wzbudzisz zaufanie i sympati\u0119. Nauczysz si\u0119 mi\u0119dzy innymi:<\/p><ul><li>rozpoznawania problem\u00f3w funkcjonalnych oraz potrzeb biologicznych<br>i psychospo\u0142ecznych osoby chorej i niesamodzielnej w r\u00f3\u017cnym stopniu<br>zaawansowania choroby i w r\u00f3\u017cnym wieku;<\/li><li>\u015bwiadczenia us\u0142ug piel\u0119gnacyjnych i opieku\u0144czych osobie chorej i niesamodzielnej w r\u00f3\u017cnym stopniu zaawansowania choroby i w r\u00f3\u017cnym wieku;<\/li><li>wsp\u00f3\u0142pracy z piel\u0119gniarkami i lekarzami oraz innym personelem;<\/li><li>wykonywania czynno\u015bci z zakresu pobierania krwi \u017cylnej i w\u0142o\u015bniczkowej oraz innych materia\u0142\u00f3w do bada\u0144 laboratoryjnych;<\/li><li>wykonywania czynno\u015bci z zakresu gimnastyki osiowo \u2013 symetrycznej w trzech<br>p\u0142aszczyznach jednocze\u015bnie SOS 3D \u2013 metoda Hoppe;<\/li><li>wykonywania wybranych czynno\u015bci medycznych: iniekcji podsk\u00f3rnych, piel\u0119gnacji ran, piel\u0119gnacji odle\u017cyn, podawania lek\u00f3w.<\/li><\/ul><p>Czas trwania nauki \u2013 1,5 roku (3 semestry). Program nauczania realizowany jest w formie<br>zaj\u0119\u0107 teoretycznych w dobrze wyposa\u017conych pracowniach: anatomicznej oraz zabieg\u00f3w<br>higienicznych i piel\u0119gnacyjnych. Zaj\u0119cia praktyczne realizowane s\u0105 w plac\u00f3wkach s\u0142u\u017cby<br>zdrowia lub opieki spo\u0142ecznej. Podczas nauki realizowane s\u0105 przedmioty:<\/p><ul><li>bezpiecze\u0144stwo i higiena pracy,<\/li><li>podstawy psychologii,<\/li><li>zdrowie publiczne,<\/li><li>pierwsza pomoc,<\/li><li>j\u0119zyk migowy,<\/li><li>informatyka,<\/li><li>pracownia zabieg\u00f3w higienicznych,<\/li><li>opieka nad osob\u0105 chora i niesamodzieln\u0105,<\/li><li>elementy rehabilitacji<\/li><\/ul><p>Praktyka zawodowa 210 godz. (6 tygodni)<\/p><p>Nauka w szkole ko\u0144czy si\u0119 przyst\u0105pieniem do egzaminu potwierdzaj\u0105cego kwalifikacje<br>w zawodzie. Absolwenci tego kierunku b\u0119d\u0105 mogli znale\u017a\u0107 zatrudnienie w:<\/p><ul><li>zak\u0142adach opieki zdrowotnej np. szpitalach<\/li><li>zak\u0142adach opieku\u0144czo \u2013 leczniczych np. hospicjach<\/li><li>plac\u00f3wkach pomocy spo\u0142ecznej np. domach pomocy spo\u0142ecznej<\/li><li>prywatnej opiece w \u015brodowisku domowym osoby chorej i niesamodzielnej<\/li><\/ul><\/div><div><section class=\"djacc djacc-container djacc-popup djacc--hidden djacc--light djacc--sticky djacc--top-right\"><button class=\"djacc__openbtn djacc__openbtn--default\" title=\"Otw\u00f3rz narz\u0119dzia dost\u0119pno\u015bci\" aria-label=\"Otw\u00f3rz narz\u0119dzia dost\u0119pno\u015bci\"> <\/button><div class=\"djacc__panel\"><div class=\"djacc__header\"><p class=\"djacc__title\">U\u0142atwienia dost\u0119pu<\/p><\/div><ul class=\"djacc__list\"><li class=\"djacc__item djacc__item--contrast\"><button class=\"djacc__btn djacc__btn--invert-colors\" title=\"Odwr\u00f3\u0107 kolory\"> <span class=\"djacc_btn-label\">Odwr\u00f3\u0107 kolory<\/span> <\/button><\/li><li class=\"djacc__item djacc__item--contrast\"><button class=\"djacc__btn djacc__btn--monochrome\" title=\"Monochromatyczny\"> <span class=\"djacc_btn-label\">Monochromatyczny<\/span> <\/button><\/li><li class=\"djacc__item djacc__item--contrast\"><button class=\"djacc__btn djacc__btn--dark-contrast\" title=\"Ciemny kontrast\"> <span class=\"djacc_btn-label\">Ciemny kontrast<\/span> <\/button><\/li><li class=\"djacc__item djacc__item--contrast\"><button class=\"djacc__btn djacc__btn--light-contrast\" title=\"Jasny kontrast\"> <span class=\"djacc_btn-label\">Jasny kontrast<\/span> <\/button><\/li><li class=\"djacc__item djacc__item--contrast\"><button class=\"djacc__btn djacc__btn--low-saturation\" title=\"Niskie nasycenie\"> <span class=\"djacc_btn-label\">Niskie nasycenie<\/span> <\/button><\/li><li class=\"djacc__item djacc__item--contrast\"><button class=\"djacc__btn djacc__btn--high-saturation\" title=\"Wysokie nasycenie\"> <span class=\"djacc_btn-label\">Wysokie nasycenie<\/span> <\/button><\/li><li class=\"djacc__item\"><button class=\"djacc__btn djacc__btn--highlight-links\" title=\"Zaznacz linki\"> <span class=\"djacc_btn-label\">Zaznacz linki<\/span> <\/button><\/li><li class=\"djacc__item\"><button class=\"djacc__btn djacc__btn--highlight-titles\" title=\"Zaznacz nag\u0142\u00f3wki\"> <span class=\"djacc_btn-label\">Zaznacz nag\u0142\u00f3wki<\/span> <\/button><\/li><li class=\"djacc__item\"><button class=\"djacc__btn djacc__btn--screen-reader\" title=\"Czytnik ekranu\"> <span class=\"djacc_btn-label\">Czytnik ekranu<\/span> <\/button><\/li><li class=\"djacc__item\"><button class=\"djacc__btn djacc__btn--read-mode\" title=\"Tryb czytania\" data-label=\"Disable readmode\"> <span class=\"djacc_btn-label\">Tryb czytania<\/span> <\/button><\/li><li class=\"djacc__item djacc__item--full\"><span class=\"djacc__arrows djacc__arrows--zoom\"> <span class=\"djacc__label\">Skalowanie tre\u015bci<\/span> <span class=\"djacc__size\">100<span class=\"djacc__percent\">%<\/span><\/span> <button class=\"djacc__dec\" title=\"Pomniejsz stron\u0119\" aria-label=\"Pomniejsz stron\u0119\"> <\/button> <button class=\"djacc__inc\" title=\"Powieksz stron\u0119\" aria-label=\"Powieksz stron\u0119\"> <\/button> <\/span><\/li><li class=\"djacc__item djacc__item--full\"><span class=\"djacc__arrows djacc__arrows--font-size\"> <span class=\"djacc__label\">Czcionka<\/span> <span class=\"djacc__size\">100<span class=\"djacc__percent\">%<\/span><\/span> <button class=\"djacc__dec\" title=\"Zmniejsz rozmiar czcionki\" aria-label=\"Zmniejsz rozmiar czcionki\"> <\/button> <button class=\"djacc__inc\" title=\"Zwi\u0119ksz rozmiar czcionki\" aria-label=\"Zwi\u0119ksz rozmiar czcionki\"> <\/button> <\/span><\/li><li class=\"djacc__item djacc__item--full\"><span class=\"djacc__arrows djacc__arrows--line-height\"> <span class=\"djacc__label\">Wysoko\u015b\u0107 linii<\/span> <span class=\"djacc__size\">100<span class=\"djacc__percent\">%<\/span><\/span> <button class=\"djacc__dec\" title=\"Zmniejsz wysoko\u015bci linii\" aria-label=\"Zmniejsz wysoko\u015bci linii\"> <\/button> <button class=\"djacc__inc\" title=\"Zwi\u0119ksz wysoko\u015bci linii\" aria-label=\"Zwi\u0119ksz wysoko\u015bci linii\"> <\/button> <\/span><\/li><li class=\"djacc__item djacc__item--full\"><span class=\"djacc__arrows djacc__arrows--letter-spacing\"> <span class=\"djacc__label\">Odst\u0119p liter<\/span> <span class=\"djacc__size\">100<span class=\"djacc__percent\">%<\/span><\/span> <button class=\"djacc__dec\" title=\"Zmniejsz odst\u0119p liter\" aria-label=\"Zmniejsz odst\u0119p liter\"> <\/button> <button class=\"djacc__inc\" title=\"Zwi\u0119ksz odst\u0119p liter\" aria-label=\"Zwi\u0119ksz odst\u0119p liter\"> <\/button> <\/span><\/li><\/ul><div class=\"djacc__footer\"><div class=\"djacc__footer-links\"><a class=\"djacc__footer-link\" href=\"https:\/\/dj-extensions.com\/yootheme\/dj-accessibility\">Web Accessibility plugin<\/a> by DJ-Extensions.com<\/div><\/div><\/div><\/section><\/div><\/div><\/div><\/div><\/div><\/div><\/div><\/div><\/div>\n","protected":false},"excerpt":{"rendered":"<p>System kszta\u0142cenia stacjonarnyOPIEKUN MEDYCZNYInteresuj\u0105 Ci\u0119 nauki medyczne, jeste\u015b wra\u017cliwy na cierpienie drugiego cz\u0142owieka, ch\u0119tnie pomagasz innym, to nauka tego zawodu b\u0119dzie udanym wyborem. W pracy z podopiecznym \u0142atwo nawi\u0105\u017cesz kontakt, wzbudzisz zaufanie i sympati\u0119. Nauczysz si\u0119 mi\u0119dzy innymi:rozpoznawania problem\u00f3w funkcjonalnych oraz potrzeb biologicznychi psychospo\u0142ecznych osoby chorej i niesamodzielnej w r\u00f3\u017cnym stopniuzaawansowania choroby i w r\u00f3\u017cnym [&hellip;]<\/p>\n","protected":false},"author":1,"featured_media":5418,"parent":0,"menu_order":0,"comment_status":"closed","ping_status":"closed","template":"","meta":{"_acf_changed":false,"footnotes":""},"class_list":["post-2988","page","type-page","status-publish","hentry"],"acf":[],"_links":{"self":[{"href":"https:\/\/msz.k-k.pl\/medyk\/wp-json\/wp\/v2\/pages\/2988","targetHints":{"allow":["GET"]}}],"collection":[{"href":"https:\/\/msz.k-k.pl\/medyk\/wp-json\/wp\/v2\/pages"}],"about":[{"href":"https:\/\/msz.k-k.pl\/medyk\/wp-json\/wp\/v2\/types\/page"}],"author":[{"embeddable":true,"href":"https:\/\/msz.k-k.pl\/medyk\/wp-json\/wp\/v2\/users\/1"}],"replies":[{"embeddable":true,"href":"https:\/\/msz.k-k.pl\/medyk\/wp-json\/wp\/v2\/comments?post=2988"}],"version-history":[{"count":10,"href":"https:\/\/msz.k-k.pl\/medyk\/wp-json\/wp\/v2\/pages\/2988\/revisions"}],"predecessor-version":[{"id":5442,"href":"https:\/\/msz.k-k.pl\/medyk\/wp-json\/wp\/v2\/pages\/2988\/revisions\/5442"}],"wp:featuredmedia":[{"embeddable":true,"href":"https:\/\/msz.k-k.pl\/medyk\/wp-json\/wp\/v2\/media\/5418"}],"wp:attachment":[{"href":"https:\/\/msz.k-k.pl\/medyk\/wp-json\/wp\/v2\/media?parent=2988"}],"curies":[{"name":"wp","href":"https:\/\/api.w.org\/{rel}","templated":true}]}}