{"id":2942,"date":"2015-12-30T15:47:53","date_gmt":"2015-12-30T14:47:53","guid":{"rendered":"http:\/\/www.kubala.tv\/projekty\/msz\/wordpress\/?page_id=2942"},"modified":"2025-03-19T12:04:34","modified_gmt":"2025-03-19T11:04:34","slug":"technik-masazysta","status":"publish","type":"page","link":"https:\/\/msz.k-k.pl\/medyk\/technik-masazysta\/","title":{"rendered":"Technik masa\u017cysta"},"content":{"rendered":"<div class=\"vce-row-container\" data-vce-boxed-width=\"true\"><div class=\"vce-row vce-row--col-gap-30 vce-row-equal-height vce-row-content--top\" id=\"el-b798a81f\" data-vce-do-apply=\"all el-b798a81f\"><div class=\"vce-row-content\" data-vce-element-content=\"true\"><div class=\"vce-col vce-col--md-auto vce-col--xs-1 vce-col--xs-last vce-col--xs-first vce-col--sm-last vce-col--sm-first vce-col--md-last vce-col--lg-last vce-col--xl-last vce-col--md-first vce-col--lg-first vce-col--xl-first\" id=\"el-a7764cc4\"><div class=\"vce-col-inner\" data-vce-do-apply=\"border margin background  el-a7764cc4\"><div class=\"vce-col-content\" data-vce-element-content=\"true\" data-vce-do-apply=\"padding el-a7764cc4\"><div class=\"vce-text-block\"><div class=\"vce-text-block-wrapper vce\" id=\"el-e7319002\" data-vce-do-apply=\"all el-e7319002\"><h2 class=\"menu-l-head\"><strong>system kszta\u0142cenia stacjonarny<\/strong>:<\/h2><h4><strong><span class=\"menu-l-head\">Technik masa\u017cysta<\/span><\/strong><\/h4><p>Interesuje Ci\u0119 praca w zespole rehabilitacyjnym, usprawnianie pacjenta, wykonywanie masa\u017cu \u2013 wybierz kszta\u0142cenie w zawodzie technik masa\u017cysta.<\/p><p>Nauczysz si\u0119 mi\u0119dzy innymi:<\/p><ul><li>wykonywania masa\u017cu medycznego<\/li><li>wykonywania masa\u017cu sportowego<\/li><li>wykonywania masa\u017cu kosmetycznego i profilaktycznego<\/li><li>obs\u0142ugiwania sprz\u0119tu i aparatury medycznej, stosowanej podczas masa\u017cu<\/li><\/ul><p><em>Czas trwania nauki - 2 lata.<\/em><\/p><p>Zaj\u0119cia odbywaj\u0105 si\u0119 w systemie stacjonarnym.<\/p><p>Program nauczania realizowany jest w postaci zaj\u0119\u0107 teoretycznych w dobrze<br>wyposa\u017conych pracowniach: anatomicznej, masa\u017cu, fizjoterapii. Uczniowie nabywaj\u0105 umiej\u0119tno\u015bci wykonywania r\u00f3\u017cnych technik masa\u017cu podczas praktyk zawodowych w plac\u00f3wkach s\u0142u\u017cby zdrowia i gabinetach rehabilitacyjnych.<\/p><p>Podczas nauki realizowane s\u0105 przedmioty:<\/p><ul><li>bezpiecze\u0144stwo i higiena pracy<\/li><li>j\u0119zyk obcy zawodowy<\/li><li>podstawy psychologii, pedagogiki i socjologii<\/li><li>propedeutyka zdrowia<\/li><li>pierwsza pomoc w zagro\u017ceniach \u017cycia<\/li><li>Pracownia masa\u017cu<\/li><li>j\u0119zyk migowy<\/li><li>technologie informatyczne<\/li><li>teoretyczne podstawy masa\u017cu<\/li><li>anatomia z fizjologi\u0105<\/li><li>zarys fizjoterapii<\/li><li>Wybrane zagadnienia kliniczne<\/li><li>diagnostyka i systematyka \u0107wicze\u0144 w masa\u017cu<\/li><li>metodyka masa\u017cu sportowego<\/li><li>metodyka masa\u017cu kosmetycznego i profilaktycznego<\/li><li>zaj\u0119cia praktyczne<\/li><\/ul><p>Nauka w szkole ko\u0144czy si\u0119 przyst\u0105pieniem do egzaminu potwierdzaj\u0105cego kwalifikacje<br>zawodowe.<\/p><p>Absolwent szko\u0142y uzyskuje prawo do zatrudnienia w :<\/p><ul><li>plac\u00f3wkach ochrony zdrowia<\/li><li>gabinetach masa\u017cu<\/li><li>gabinetach odnowy biologicznej i SPA<\/li><li>o\u015brodkach medycyny sportowej<\/li><li>gabinetach kosmetycznych<\/li><li>absolwent mo\u017ce tak\u017ce prowadzi\u0107 dzia\u0142alno\u015b\u0107 gospodarcz\u0105, otworzy\u0107 w\u0142asny<\/li><li>gabinet lub \u015bwiadczy\u0107 us\u0142ugi masa\u017cu w \u015brodowisku domowym pacjenta<\/li><\/ul><\/div><\/div><\/div><\/div><\/div><\/div><\/div><\/div>\n","protected":false},"excerpt":{"rendered":"<p>system kszta\u0142cenia stacjonarny:Technik masa\u017cystaInteresuje Ci\u0119 praca w zespole rehabilitacyjnym, usprawnianie pacjenta, wykonywanie masa\u017cu \u2013 wybierz kszta\u0142cenie w zawodzie technik masa\u017cysta.Nauczysz si\u0119 mi\u0119dzy innymi:wykonywania masa\u017cu medycznegowykonywania masa\u017cu sportowegowykonywania masa\u017cu kosmetycznego i profilaktycznegoobs\u0142ugiwania sprz\u0119tu i aparatury medycznej, stosowanej podczas masa\u017cuCzas trwania nauki &#8211; 2 lata.Zaj\u0119cia odbywaj\u0105 si\u0119 w systemie stacjonarnym.Program nauczania realizowany jest w postaci zaj\u0119\u0107 teoretycznych [&hellip;]<\/p>\n","protected":false},"author":1,"featured_media":5419,"parent":0,"menu_order":0,"comment_status":"closed","ping_status":"closed","template":"","meta":{"_acf_changed":false,"footnotes":""},"class_list":["post-2942","page","type-page","status-publish","hentry"],"acf":[],"_links":{"self":[{"href":"https:\/\/msz.k-k.pl\/medyk\/wp-json\/wp\/v2\/pages\/2942","targetHints":{"allow":["GET"]}}],"collection":[{"href":"https:\/\/msz.k-k.pl\/medyk\/wp-json\/wp\/v2\/pages"}],"about":[{"href":"https:\/\/msz.k-k.pl\/medyk\/wp-json\/wp\/v2\/types\/page"}],"author":[{"embeddable":true,"href":"https:\/\/msz.k-k.pl\/medyk\/wp-json\/wp\/v2\/users\/1"}],"replies":[{"embeddable":true,"href":"https:\/\/msz.k-k.pl\/medyk\/wp-json\/wp\/v2\/comments?post=2942"}],"version-history":[{"count":3,"href":"https:\/\/msz.k-k.pl\/medyk\/wp-json\/wp\/v2\/pages\/2942\/revisions"}],"predecessor-version":[{"id":5437,"href":"https:\/\/msz.k-k.pl\/medyk\/wp-json\/wp\/v2\/pages\/2942\/revisions\/5437"}],"wp:featuredmedia":[{"embeddable":true,"href":"https:\/\/msz.k-k.pl\/medyk\/wp-json\/wp\/v2\/media\/5419"}],"wp:attachment":[{"href":"https:\/\/msz.k-k.pl\/medyk\/wp-json\/wp\/v2\/media?parent=2942"}],"curies":[{"name":"wp","href":"https:\/\/api.w.org\/{rel}","templated":true}]}}