{"id":2938,"date":"2015-12-30T15:46:03","date_gmt":"2015-12-30T14:46:03","guid":{"rendered":"http:\/\/www.kubala.tv\/projekty\/msz\/wordpress\/?page_id=2938"},"modified":"2025-03-19T12:12:16","modified_gmt":"2025-03-19T11:12:16","slug":"technik-farmaceutyczny","status":"publish","type":"page","link":"https:\/\/msz.k-k.pl\/medyk\/technik-farmaceutyczny\/","title":{"rendered":"Technik farmaceutyczny"},"content":{"rendered":"<div class=\"vce-row-container\" data-vce-boxed-width=\"true\"><div class=\"vce-row vce-row--col-gap-30 vce-row-equal-height vce-row-content--top\" id=\"el-64361fc2\" data-vce-do-apply=\"all el-64361fc2\"><div class=\"vce-row-content\" data-vce-element-content=\"true\"><div class=\"vce-col vce-col--md-auto vce-col--xs-1 vce-col--xs-last vce-col--xs-first vce-col--sm-last vce-col--sm-first vce-col--md-last vce-col--lg-last vce-col--xl-last vce-col--md-first vce-col--lg-first vce-col--xl-first\" id=\"el-99f02a6a\"><div class=\"vce-col-inner\" data-vce-do-apply=\"border margin background  el-99f02a6a\"><div class=\"vce-col-content\" data-vce-element-content=\"true\" data-vce-do-apply=\"padding el-99f02a6a\"><div class=\"vce-text-block\"><div class=\"vce-text-block-wrapper vce\" id=\"el-b39eac26\" data-vce-do-apply=\"all el-b39eac26\"><h2 class=\"menu-l-head\"><strong>System kszta\u0142cenia&nbsp; dzienny<\/strong><\/h2><p><strong>&nbsp;<\/strong>Interesuje Ci\u0119 farmacja, do\u015bwiadczenia chemiczne i praca laboratoryjna - ten kierunek b\u0119dzie idealnym wyborem. Umo\u017cliwimy Ci uzyskanie dyplomu technika farmaceutycznego.<\/p><p>Nauczysz si\u0119 mi\u0119dzy innymi:<\/p><ul><li>przyrz\u0105dza\u0107 leki recepturowe nie zawieraj\u0105ce w swoim sk\u0142adzie trucizn i \u015brodk\u00f3w odurzaj\u0105cych<\/li><li>przygotowywa\u0107 do sprzeda\u017cy leki gotowe (porcjowa\u0107, etykietowa\u0107)<\/li><li>rozr\u00f3\u017cnia\u0107 podstawowe grupy lek\u00f3w w uk\u0142adzie farmakologicznym i postaci, w jakich s\u0105 wytwarzane<\/li><li>charakteryzowa\u0107 drogi podania, postaci lek\u00f3w i dawki leku oraz informowa\u0107 pacjenta o sposobie u\u017cycia leku i jego przechowywaniu<\/li><li>wsp\u00f3\u0142prowadzi\u0107 analizy w laboratoriach oraz kontrolowa\u0107 produkty lecznicze i wyroby medyczne<\/li><li>organizowa\u0107 i rozlicza\u0107 prac\u0119 punktu aptecznego<\/li><li>nadzorowa\u0107 procesy technologiczne produkcji lek\u00f3w w przemy\u015ble farmaceutycznym<\/li><li>obs\u0142ugiwa\u0107 aparatury, urz\u0105dzenia przemys\u0142u farmaceutycznego, aparatur\u0119 laboratoryjn\u0105 oraz sprz\u0119t apteczny<\/li><li>pos\u0142ugiwa\u0107 si\u0119 programem komputerowym stosowanym w aptekach.<\/li><\/ul><p><strong>Czas trwania nauki \u2013 2,5 roku (5 semestr\u00f3w).<\/strong><\/p><p>Zaj\u0119cia odbywaj\u0105 si\u0119 w systemie dziennym stacjonarnym.<\/p><p>Program nauczania realizowany jest w postaci zaj\u0119\u0107 teoretycznych, \u0107wicze\u0144 laboratoryjnych oraz zaj\u0119\u0107 praktycznych w aptekach.<\/p><p>Wszystkie zaj\u0119cia odbywaj\u0105 si\u0119 w bardzo dobrze wyposa\u017conych pracowniach, a \u0107wiczenia i zaj\u0119cia praktyczne realizowane s\u0105 w kilkuosobowych grupach. Ka\u017cdy ucze\u0144 samodzielnie wykonuje, pod nadzorem nauczyciela, wszystkie czynno\u015bci laboratoryjne, czy to zwi\u0105zane z przygotowaniem lek\u00f3w, czy z chemicznymi metodami analizy lek\u00f3w i substancji pochodzenia naturalnego.<\/p><p>Podczas nauki realizowane s\u0105 przedmioty:<\/p><ul><li>wychowania fizyczne<\/li><li>bezpiecze\u0144stwo i higiena pracy<\/li><li>j\u0119zyk obcy zawodowy<\/li><li>podstawy psychologii, pedagogiki i socjologii<\/li><li>propedeutyka zdrowia<\/li><li>pierwsza pomoc w zagro\u017ceniach \u017cycia<\/li><li>j\u0119zyk migowy<\/li><li>technologie informatyczne<\/li><li>technologia postaci lek\u00f3w<\/li><li>farmakologia<\/li><li>analiza lek\u00f3w<\/li><li>farmakognozja<\/li><li>anatomia z fizjologi\u0105<\/li><li>pracowni postaci lek\u00f3w<\/li><li>pracownia analizy lek\u00f3w<\/li><li>pracownia farmakognozji<\/li><li>zaj\u0119cia praktyczne<\/li><\/ul><p>Nauka w szkole ko\u0144czy si\u0119 przyst\u0105pieniem do egzaminu potwierdzaj\u0105cego kwalifikacje w zawodzie.<\/p><p>Absolwent naszej szko\u0142y uzyskuje prawo do pracy:<\/p><ul><li>w aptekach og\u00f3lnodost\u0119pnych i szpitalnych,<\/li><li>w hurtowniach farmaceutycznych,<\/li><li>w wytw\u00f3rniach i innych zak\u0142adach przemys\u0142u farmaceutycznego,<\/li><li>w sklepach zielarskich i zielarsko-drogeryjnych,<\/li><li>w laboratoriach chemicznych i przemys\u0142owych zwi\u0105zanych z produkcj\u0105 i kontrol\u0105 jako\u015bci lek\u00f3w i innych artyku\u0142\u00f3w sanitarnych,<\/li><li>w stacjach sanitarno \u2013 epidemiologicznych,<\/li><li>w inspekcji farmaceutycznej,<\/li><li>jako przedstawiciel handlowy w bran\u017cy farmaceutycznej,<\/li><\/ul><p>ponadto mo\u017ce:<\/p><ul><li>organizowa\u0107 i prowadzi\u0107 punkt apteczny,<\/li><li>prowadzi\u0107 sklep zielarsko-medyczny.<\/li><\/ul><\/div><\/div><\/div><\/div><\/div><\/div><\/div><\/div>\n","protected":false},"excerpt":{"rendered":"<p>System kszta\u0142cenia&nbsp; dzienny&nbsp;Interesuje Ci\u0119 farmacja, do\u015bwiadczenia chemiczne i praca laboratoryjna &#8211; ten kierunek b\u0119dzie idealnym wyborem. Umo\u017cliwimy Ci uzyskanie dyplomu technika farmaceutycznego.Nauczysz si\u0119 mi\u0119dzy innymi:przyrz\u0105dza\u0107 leki recepturowe nie zawieraj\u0105ce w swoim sk\u0142adzie trucizn i \u015brodk\u00f3w odurzaj\u0105cychprzygotowywa\u0107 do sprzeda\u017cy leki gotowe (porcjowa\u0107, etykietowa\u0107)rozr\u00f3\u017cnia\u0107 podstawowe grupy lek\u00f3w w uk\u0142adzie farmakologicznym i postaci, w jakich s\u0105 wytwarzanecharakteryzowa\u0107 drogi [&hellip;]<\/p>\n","protected":false},"author":1,"featured_media":4908,"parent":0,"menu_order":0,"comment_status":"closed","ping_status":"closed","template":"","meta":{"_acf_changed":false,"footnotes":""},"class_list":["post-2938","page","type-page","status-publish","hentry"],"acf":[],"_links":{"self":[{"href":"https:\/\/msz.k-k.pl\/medyk\/wp-json\/wp\/v2\/pages\/2938","targetHints":{"allow":["GET"]}}],"collection":[{"href":"https:\/\/msz.k-k.pl\/medyk\/wp-json\/wp\/v2\/pages"}],"about":[{"href":"https:\/\/msz.k-k.pl\/medyk\/wp-json\/wp\/v2\/types\/page"}],"author":[{"embeddable":true,"href":"https:\/\/msz.k-k.pl\/medyk\/wp-json\/wp\/v2\/users\/1"}],"replies":[{"embeddable":true,"href":"https:\/\/msz.k-k.pl\/medyk\/wp-json\/wp\/v2\/comments?post=2938"}],"version-history":[{"count":6,"href":"https:\/\/msz.k-k.pl\/medyk\/wp-json\/wp\/v2\/pages\/2938\/revisions"}],"predecessor-version":[{"id":5441,"href":"https:\/\/msz.k-k.pl\/medyk\/wp-json\/wp\/v2\/pages\/2938\/revisions\/5441"}],"wp:featuredmedia":[{"embeddable":true,"href":"https:\/\/msz.k-k.pl\/medyk\/wp-json\/wp\/v2\/media\/4908"}],"wp:attachment":[{"href":"https:\/\/msz.k-k.pl\/medyk\/wp-json\/wp\/v2\/media?parent=2938"}],"curies":[{"name":"wp","href":"https:\/\/api.w.org\/{rel}","templated":true}]}}