{"id":2935,"date":"2015-12-30T15:40:50","date_gmt":"2015-12-30T14:40:50","guid":{"rendered":"http:\/\/www.kubala.tv\/projekty\/msz\/wordpress\/?page_id=2935"},"modified":"2025-12-22T21:15:39","modified_gmt":"2025-12-22T20:15:39","slug":"zakwaterowanie","status":"publish","type":"page","link":"https:\/\/msz.k-k.pl\/medyk\/zakwaterowanie\/","title":{"rendered":"Zakwaterowanie"},"content":{"rendered":"<p class=\"standard-txt\">S\u0142uchacze zamiejscowi mog\u0105 skorzysta\u0107 z bursy szkolnej mieszcz\u0105cej si\u0119 blisko budynku szko\u0142y.<\/p>\n<p class=\"standard-txt\">Adres bursy:<\/p>\n<p class=\"standard-txt\">K\u0119dzierzyn \u2013 Ko\u017ale<br \/>\nul. Piastowska 19<br \/>\ntel; 77\/ 48 232 11<\/p>\n","protected":false},"excerpt":{"rendered":"<p>S\u0142uchacze zamiejscowi mog\u0105 skorzysta\u0107 z bursy szkolnej mieszcz\u0105cej si\u0119 blisko budynku szko\u0142y. Adres bursy: K\u0119dzierzyn \u2013 Ko\u017ale ul. Piastowska 19 tel; 77\/ 48 232 11<\/p>\n","protected":false},"author":1,"featured_media":0,"parent":0,"menu_order":0,"comment_status":"closed","ping_status":"closed","template":"","meta":{"_acf_changed":false,"footnotes":""},"class_list":["post-2935","page","type-page","status-publish","hentry"],"acf":[],"_links":{"self":[{"href":"https:\/\/msz.k-k.pl\/medyk\/wp-json\/wp\/v2\/pages\/2935","targetHints":{"allow":["GET"]}}],"collection":[{"href":"https:\/\/msz.k-k.pl\/medyk\/wp-json\/wp\/v2\/pages"}],"about":[{"href":"https:\/\/msz.k-k.pl\/medyk\/wp-json\/wp\/v2\/types\/page"}],"author":[{"embeddable":true,"href":"https:\/\/msz.k-k.pl\/medyk\/wp-json\/wp\/v2\/users\/1"}],"replies":[{"embeddable":true,"href":"https:\/\/msz.k-k.pl\/medyk\/wp-json\/wp\/v2\/comments?post=2935"}],"version-history":[{"count":1,"href":"https:\/\/msz.k-k.pl\/medyk\/wp-json\/wp\/v2\/pages\/2935\/revisions"}],"predecessor-version":[{"id":5259,"href":"https:\/\/msz.k-k.pl\/medyk\/wp-json\/wp\/v2\/pages\/2935\/revisions\/5259"}],"wp:attachment":[{"href":"https:\/\/msz.k-k.pl\/medyk\/wp-json\/wp\/v2\/media?parent=2935"}],"curies":[{"name":"wp","href":"https:\/\/api.w.org\/{rel}","templated":true}]}}