{"id":2919,"date":"2015-12-30T15:12:56","date_gmt":"2015-12-30T14:12:56","guid":{"rendered":"http:\/\/www.kubala.tv\/projekty\/msz\/wordpress\/?page_id=2919"},"modified":"2025-12-22T21:14:53","modified_gmt":"2025-12-22T20:14:53","slug":"regulaminy","status":"publish","type":"page","link":"https:\/\/msz.k-k.pl\/medyk\/regulaminy\/","title":{"rendered":"Regulaminy"},"content":{"rendered":"<p>Regulamin rekrutacji do Zespo\u0142u Szk\u00f3\u0142<br \/>\npobierz\u00a0<a href=\"https:\/\/msz.k-k.pl\/medyk\/wp-content\/uploads\/2023\/03\/regulamin-rekrutacji3.doc\" class=\"image-link\"><img loading=\"lazy\" decoding=\"async\" class=\"alignnone wp-image-2922 size-full\" src=\"https:\/\/msz.k-k.pl\/medyk\/wp-content\/uploads\/2015\/12\/doc.jpg\" alt=\"doc\" width=\"32\" height=\"32\" \/><\/a><\/p>\n","protected":false},"excerpt":{"rendered":"<p>Regulamin rekrutacji do Zespo\u0142u Szk\u00f3\u0142 pobierz\u00a0<\/p>\n","protected":false},"author":1,"featured_media":0,"parent":0,"menu_order":0,"comment_status":"closed","ping_status":"closed","template":"","meta":{"_acf_changed":false,"footnotes":""},"class_list":["post-2919","page","type-page","status-publish","hentry"],"acf":[],"_links":{"self":[{"href":"https:\/\/msz.k-k.pl\/medyk\/wp-json\/wp\/v2\/pages\/2919","targetHints":{"allow":["GET"]}}],"collection":[{"href":"https:\/\/msz.k-k.pl\/medyk\/wp-json\/wp\/v2\/pages"}],"about":[{"href":"https:\/\/msz.k-k.pl\/medyk\/wp-json\/wp\/v2\/types\/page"}],"author":[{"embeddable":true,"href":"https:\/\/msz.k-k.pl\/medyk\/wp-json\/wp\/v2\/users\/1"}],"replies":[{"embeddable":true,"href":"https:\/\/msz.k-k.pl\/medyk\/wp-json\/wp\/v2\/comments?post=2919"}],"version-history":[{"count":1,"href":"https:\/\/msz.k-k.pl\/medyk\/wp-json\/wp\/v2\/pages\/2919\/revisions"}],"predecessor-version":[{"id":5168,"href":"https:\/\/msz.k-k.pl\/medyk\/wp-json\/wp\/v2\/pages\/2919\/revisions\/5168"}],"wp:attachment":[{"href":"https:\/\/msz.k-k.pl\/medyk\/wp-json\/wp\/v2\/media?parent=2919"}],"curies":[{"name":"wp","href":"https:\/\/api.w.org\/{rel}","templated":true}]}}