{"id":2678,"date":"2015-12-29T15:49:28","date_gmt":"2015-12-29T14:49:28","guid":{"rendered":"http:\/\/www.kubala.tv\/projekty\/msz\/wordpress\/?page_id=2678"},"modified":"2025-03-19T11:58:13","modified_gmt":"2025-03-19T10:58:13","slug":"szkola-policealna-dla-doroslych","status":"publish","type":"page","link":"https:\/\/msz.k-k.pl\/medyk\/szkola-policealna-dla-doroslych\/","title":{"rendered":"Wojew\u00f3dzka Szko\u0142a Policealna stacjonarna i zaoczna w K\u0119dzierzynie-Ko\u017alu"},"content":{"rendered":"<p><strong>Zaj\u0119cia odbywaj\u0105 si\u0119 w systemie stacjonarnym trzy razy w tygodniu.<\/strong><\/p>\n<ul>\n<li><strong><a href=\"https:\/\/msz.k-k.pl\/medyk\/?page_id=2988\">Opiekun medyczny<\/a><\/strong><\/li>\n<li><strong><a href=\"https:\/\/msz.k-k.pl\/medyk\/technik-masazysta\/\">Technik masa\u017cysta<\/a><\/strong><\/li>\n<li><strong><a href=\"https:\/\/msz.k-k.pl\/medyk\/terapeuta-zajeciowy\/\">Terapeuta zaj\u0119ciowy<\/a><\/strong><\/li>\n<\/ul>\n","protected":false},"excerpt":{"rendered":"<p>Zaj\u0119cia odbywaj\u0105 si\u0119 w systemie stacjonarnym trzy razy w tygodniu. Opiekun medyczny Technik masa\u017cysta Terapeuta zaj\u0119ciowy<\/p>\n","protected":false},"author":1,"featured_media":0,"parent":0,"menu_order":0,"comment_status":"closed","ping_status":"closed","template":"","meta":{"_acf_changed":false,"footnotes":""},"class_list":["post-2678","page","type-page","status-publish","hentry"],"acf":[],"_links":{"self":[{"href":"https:\/\/msz.k-k.pl\/medyk\/wp-json\/wp\/v2\/pages\/2678","targetHints":{"allow":["GET"]}}],"collection":[{"href":"https:\/\/msz.k-k.pl\/medyk\/wp-json\/wp\/v2\/pages"}],"about":[{"href":"https:\/\/msz.k-k.pl\/medyk\/wp-json\/wp\/v2\/types\/page"}],"author":[{"embeddable":true,"href":"https:\/\/msz.k-k.pl\/medyk\/wp-json\/wp\/v2\/users\/1"}],"replies":[{"embeddable":true,"href":"https:\/\/msz.k-k.pl\/medyk\/wp-json\/wp\/v2\/comments?post=2678"}],"version-history":[{"count":2,"href":"https:\/\/msz.k-k.pl\/medyk\/wp-json\/wp\/v2\/pages\/2678\/revisions"}],"predecessor-version":[{"id":5435,"href":"https:\/\/msz.k-k.pl\/medyk\/wp-json\/wp\/v2\/pages\/2678\/revisions\/5435"}],"wp:attachment":[{"href":"https:\/\/msz.k-k.pl\/medyk\/wp-json\/wp\/v2\/media?parent=2678"}],"curies":[{"name":"wp","href":"https:\/\/api.w.org\/{rel}","templated":true}]}}