{"id":2675,"date":"2015-12-29T15:47:08","date_gmt":"2015-12-29T14:47:08","guid":{"rendered":"http:\/\/www.kubala.tv\/projekty\/msz\/wordpress\/?page_id=2675"},"modified":"2025-03-19T12:09:27","modified_gmt":"2025-03-19T11:09:27","slug":"med-studium-zawodowe","status":"publish","type":"page","link":"https:\/\/msz.k-k.pl\/medyk\/med-studium-zawodowe\/","title":{"rendered":"Wojew\u00f3dzka Szko\u0142a Policealna dzienna im. Marii Minczewskiej w K\u0119dzierzynie-Ko\u017alu"},"content":{"rendered":"<p><strong>\u00a0Zaj\u0119cia odbywaj\u0105 si\u0119 w systemie dziennym.<\/strong><\/p>\n<ul>\n<li><a href=\"https:\/\/msz.k-k.pl\/medyk\/technik-farmaceutyczny\/\">Technik farmaceutyczny<\/a><\/li>\n<\/ul>\n","protected":false},"excerpt":{"rendered":"<p>\u00a0Zaj\u0119cia odbywaj\u0105 si\u0119 w systemie dziennym. Technik farmaceutyczny<\/p>\n","protected":false},"author":1,"featured_media":0,"parent":0,"menu_order":0,"comment_status":"closed","ping_status":"closed","template":"","meta":{"_acf_changed":false,"footnotes":""},"class_list":["post-2675","page","type-page","status-publish","hentry"],"acf":[],"_links":{"self":[{"href":"https:\/\/msz.k-k.pl\/medyk\/wp-json\/wp\/v2\/pages\/2675","targetHints":{"allow":["GET"]}}],"collection":[{"href":"https:\/\/msz.k-k.pl\/medyk\/wp-json\/wp\/v2\/pages"}],"about":[{"href":"https:\/\/msz.k-k.pl\/medyk\/wp-json\/wp\/v2\/types\/page"}],"author":[{"embeddable":true,"href":"https:\/\/msz.k-k.pl\/medyk\/wp-json\/wp\/v2\/users\/1"}],"replies":[{"embeddable":true,"href":"https:\/\/msz.k-k.pl\/medyk\/wp-json\/wp\/v2\/comments?post=2675"}],"version-history":[{"count":2,"href":"https:\/\/msz.k-k.pl\/medyk\/wp-json\/wp\/v2\/pages\/2675\/revisions"}],"predecessor-version":[{"id":5440,"href":"https:\/\/msz.k-k.pl\/medyk\/wp-json\/wp\/v2\/pages\/2675\/revisions\/5440"}],"wp:attachment":[{"href":"https:\/\/msz.k-k.pl\/medyk\/wp-json\/wp\/v2\/media?parent=2675"}],"curies":[{"name":"wp","href":"https:\/\/api.w.org\/{rel}","templated":true}]}}