{"id":2672,"date":"2015-12-29T15:45:22","date_gmt":"2015-12-29T14:45:22","guid":{"rendered":"http:\/\/www.kubala.tv\/projekty\/msz\/wordpress\/?page_id=2672"},"modified":"2025-08-29T11:03:05","modified_gmt":"2025-08-29T09:03:05","slug":"oferta-edukacyjna","status":"publish","type":"page","link":"https:\/\/msz.k-k.pl\/medyk\/oferta-edukacyjna\/","title":{"rendered":"Oferta edukacyjna"},"content":{"rendered":"<div class=\"vce-row-container\" data-vce-boxed-width=\"true\"><div class=\"vce-row vce-row--col-gap-30 vce-row-equal-height vce-row-content--top\" id=\"el-b0f857f8\" data-vce-do-apply=\"all el-b0f857f8\"><div class=\"vce-row-content\" data-vce-element-content=\"true\"><div class=\"vce-col vce-col--md-auto vce-col--xs-1 vce-col--xs-last vce-col--xs-first vce-col--sm-last vce-col--sm-first vce-col--md-last vce-col--lg-last vce-col--xl-last vce-col--md-first vce-col--lg-first vce-col--xl-first\" id=\"el-e6922c77\"><div class=\"vce-col-inner\" data-vce-do-apply=\"border margin background  el-e6922c77\"><div class=\"vce-col-content\" data-vce-element-content=\"true\" data-vce-do-apply=\"padding el-e6922c77\"><div class=\"vce-text-block\"><div class=\"vce-text-block-wrapper vce\" id=\"el-94875455\" data-vce-do-apply=\"all el-94875455\"><ul><li>nauka w szkole jest <strong>bezp\u0142atna<\/strong>, odbywa si\u0119 w systemie stacjonarnym lub zaocznym w zawodach.<ul><li><strong>technik farmaceutyczny \u2013 w systemie stacjonarnym dziennym<\/strong><\/li><li><strong>technik masa\u017cysta - w systemie stacjonarnym<\/strong><\/li><li><strong>opiekun medyczny - w systemie&nbsp;stacjonarnym<\/strong><\/li><li><strong>terapeuta zaj\u0119ciowy \u2013 w systemie stacjonarnym&nbsp;<\/strong><\/li><\/ul><\/li><li>proces kszta\u0142cenia, w zale\u017cno\u015bci od zawodu trwa od 1 do 2,5 lat<\/li><li>organizujemy zaj\u0119cia praktyczne i praktyki zawodowe we w\u0142a\u015bciwych dla zawodu plac\u00f3wkach<\/li><li>szko\u0142a posiada w\u0142asn\u0105, nowoczesn\u0105 baz\u0119 dydaktyczn\u0105<\/li><li>zaj\u0119cia prowadzi przyjazna kadra pedagogiczna z wysokimi kwalifikacjami<\/li><li>uprawianie sportu zapewnia sala sportowa z si\u0142owni\u0105 i r\u00f3\u017cnorodnym sprz\u0119tem sportowym<\/li><li>szko\u0142a dysponuje bibliotek\u0105 z ksi\u0119gozbiorem zawodowym i beletrystyk\u0105 oraz sta\u0142ym dost\u0119pem do Internetu<\/li><li>s\u0142uchacze mog\u0105 rozwija\u0107 dzia\u0142alno\u015bci\u0105 medyczn\u0105, spo\u0142eczn\u0105, naukow\u0105 w Radzie S\u0142uchaczy, Samorz\u0105dzie Uczniowskim, Kole Zainteresowa\u0144 Zawodem, Szkolnym Kole PCK<\/li><li>zdobycie oferowanych przez nas zawod\u00f3w umo\u017cliwia zatrudnienie w krajach Unii Europejskiej<\/li><li>istnieje mo\u017cliwo\u015b\u0107 zakwaterowania w bursie mi\u0119dzyszkolnej, znajduj\u0105cej si\u0119 naprzeciwko szko\u0142y<\/li><\/ul><\/div><\/div><\/div><\/div><\/div><\/div><\/div><\/div>\n","protected":false},"excerpt":{"rendered":"<p>nauka w szkole jest bezp\u0142atna, odbywa si\u0119 w systemie stacjonarnym lub zaocznym w zawodach.technik farmaceutyczny \u2013 w systemie stacjonarnym dziennymtechnik masa\u017cysta &#8211; w systemie stacjonarnymopiekun medyczny &#8211; w systemie&nbsp;stacjonarnymterapeuta zaj\u0119ciowy \u2013 w systemie stacjonarnym&nbsp;proces kszta\u0142cenia, w zale\u017cno\u015bci od zawodu trwa od 1 do 2,5 latorganizujemy zaj\u0119cia praktyczne i praktyki zawodowe we w\u0142a\u015bciwych dla zawodu plac\u00f3wkachszko\u0142a [&hellip;]<\/p>\n","protected":false},"author":1,"featured_media":0,"parent":0,"menu_order":0,"comment_status":"closed","ping_status":"closed","template":"","meta":{"_acf_changed":false,"footnotes":""},"class_list":["post-2672","page","type-page","status-publish","hentry"],"acf":[],"_links":{"self":[{"href":"https:\/\/msz.k-k.pl\/medyk\/wp-json\/wp\/v2\/pages\/2672","targetHints":{"allow":["GET"]}}],"collection":[{"href":"https:\/\/msz.k-k.pl\/medyk\/wp-json\/wp\/v2\/pages"}],"about":[{"href":"https:\/\/msz.k-k.pl\/medyk\/wp-json\/wp\/v2\/types\/page"}],"author":[{"embeddable":true,"href":"https:\/\/msz.k-k.pl\/medyk\/wp-json\/wp\/v2\/users\/1"}],"replies":[{"embeddable":true,"href":"https:\/\/msz.k-k.pl\/medyk\/wp-json\/wp\/v2\/comments?post=2672"}],"version-history":[{"count":1,"href":"https:\/\/msz.k-k.pl\/medyk\/wp-json\/wp\/v2\/pages\/2672\/revisions"}],"predecessor-version":[{"id":5488,"href":"https:\/\/msz.k-k.pl\/medyk\/wp-json\/wp\/v2\/pages\/2672\/revisions\/5488"}],"wp:attachment":[{"href":"https:\/\/msz.k-k.pl\/medyk\/wp-json\/wp\/v2\/media?parent=2672"}],"curies":[{"name":"wp","href":"https:\/\/api.w.org\/{rel}","templated":true}]}}