{"id":2640,"date":"2015-12-29T14:46:05","date_gmt":"2015-12-29T13:46:05","guid":{"rendered":"http:\/\/www.kubala.tv\/projekty\/msz\/wordpress\/?page_id=2640"},"modified":"2024-04-25T13:28:53","modified_gmt":"2024-04-25T11:28:53","slug":"historia","status":"publish","type":"page","link":"https:\/\/msz.k-k.pl\/medyk\/historia\/","title":{"rendered":"Historia"},"content":{"rendered":"<p>Liceum Medyczne powsta\u0142o w K\u0119dzierzynie-Ko\u017alu w 1974r. Pocz\u0105tkowo by\u0142a to filia szko\u0142y w Raciborzu. Rok p\u00f3\u017aniej plac\u00f3wka sta\u0142a si\u0119 samodzieln\u0105 jednostk\u0105 organizacyjn\u0105. Szko\u0142a kszta\u0142ci\u0142a w 5-letnim cyklu nauczania. Funkcj\u0119 dyrektora szko\u0142y w latach 1974-1989 pe\u0142ni\u0142a mgr Alicja Kry\u015b, a od 1989 do 1995 mgr Maria Kuniak. Nad szkoleniem praktycznym opiek\u0119 sprawowa\u0142y kierowniczki mgr Bogumi\u0142a Pi\u0105tkowska (1978-1981) oraz mgr Krystyna Kami\u0144ska (1981-1995). Nab\u00f3r do liceum zosta\u0142 wstrzymany 1 wrze\u015bnia 1992r. Liceum Medyczne uleg\u0142o likwidacji z dniem 31.08.1996r. W latach 1974-1996 szko\u0142a wykszta\u0142ci\u0142a 828 piel\u0119gniarek.<\/p>\n<p>Medyczne Studium Zawodowe rozpocz\u0119\u0142o dzia\u0142alno\u015b\u0107 od 1.09.1995r. Szko\u0142\u0119 zorganizowano na bazie Liceum Medycznego. Funkcj\u0119 dyrektora powierzono ponownie mgr Marii Kuniak &#8211; Bojczuk. Od 1.09.2006r. funkcj\u0119 t\u0119 sparwuje mgr Miros\u0142awa Szamatowicz. Kierownikiem szkolenia praktycznego w latach 1995-2001 by\u0142a nadal mgr Krystyna Kami\u0144ska, a od 2001 do chwili obecnej mgr Maria Szymczak &#8211; Worek. Pocz\u0105tkowo w szkole funkcjonowa\u0142 wydzia\u0142 piel\u0119gniarski z 2,5-letnim cyklem nauczania, na kt\u00f3ry nab\u00f3r zosta\u0142 wstrzymany 1 wrze\u015bnia 2003r. Z dniem 27 stycznia 2005r. uleg\u0142 on likwidacji. W okresie od 11 wrze\u015bnia 2000r. do 24 czerwca 2005r. istnia\u0142 kierunek higienistki stomatologicznej z 2-letnim cyklem nauczania. Szko\u0142a wykszta\u0142ci\u0142a w tym zawodzie 50 absolwentek.<\/p>\n<p>Z dniem 01.01.2009 szko\u0142a przekszta\u0142ci\u0142a si\u0119 w Zesp\u00f3\u0142 Szk\u00f3\u0142, w sk\u0142ad kt\u00f3rego wchodz\u0105 Medyczne Studium Zawodowe im. Marii Minczewskiej kszta\u0142c\u0105ce w formie stacjonarnej oraz Szko\u0142a Policelana dla Doros\u0142ych kszta\u0142c\u0105ca w formie zaocznej.<\/p>\n<p>Od pocz\u0105tku istnienia szko\u0142a odnosi\u0142a sukcesy edukacyjne. Obrazuj\u0105 to osi\u0105gni\u0119cia naszych uczennic w Olimpiadach Piel\u0119gniarstwa. W latach 1982, 1986, 1991, 1992, 1994, 1995, 1996, 1998, 2001, 2002 uczennice zdobywa\u0142y I miejsce na szczeblu wojew\u00f3dzkim, a w roku szkolnym 2001\/2002 nasza s\u0142uchaczka Sylwia Ignacy zdoby\u0142a I miejsce w kraju. W roku 2002 szko\u0142a by\u0142a organizatorem krajowego etapu Olimpiady Piel\u0119gniarstwa.[\/vc_column_text][vc_column_text]<\/p>\n<p><center><img loading=\"lazy\" decoding=\"async\" class=\"alignnone wp-image-2646 size-full\" src=\"http:\/\/www.kubala.tv\/projekty\/msz\/wordpress\/wp-content\/uploads\/2015\/12\/historia-szkoly2.jpg\" alt=\"historia-szkoly2\" width=\"150\" height=\"104\" \/>\u00a0<img loading=\"lazy\" decoding=\"async\" class=\"alignnone wp-image-2647 size-full\" src=\"http:\/\/www.kubala.tv\/projekty\/msz\/wordpress\/wp-content\/uploads\/2015\/12\/historia-szkoly3.jpg\" alt=\"historia-szkoly3\" width=\"150\" height=\"104\" \/>\u00a0<img loading=\"lazy\" decoding=\"async\" class=\"alignnone wp-image-2645 size-full\" src=\"http:\/\/www.kubala.tv\/projekty\/msz\/wordpress\/wp-content\/uploads\/2015\/12\/historia-szkoly1.jpg\" alt=\"historia-szkoly1\" width=\"150\" height=\"104\" \/><\/center>[\/vc_column_text][vc_column_text]M\u0142odzie\u017c odnosi\u0142a liczne sukcesy sportowe, zdobywa\u0142a nagrody w konkursach recytatorskich, plastycznych, piosenkarskich. Szkolna Komenda Hufc\u00f3w Ochotniczych by\u0142a wielokrotnie nagradzana za swoje zaanga\u017cowanie w pracy w r\u00f3\u017cnych instytucjach i przedsi\u0119biorstwach.<\/p>\n<p>Obecnie kadr\u0119 szko\u0142y stanowi 19 nauczycieli, w tym 4 pe\u0142nozatrudnionych. Wszyscy posiadaj\u0105 wy\u017csze wykszta\u0142cenie zawodowe z przygotowaniem pedagogicznym. Wi\u0119kszo\u015b\u0107 ma uko\u0144czone studia podyplomowe.<\/p>\n<p>Szko\u0142a posiada 5 pracowni przedmiotowych, 5 sal wyk\u0142adowych, sal\u0119 gimnastyczn\u0105, w\u0142asne boisko sportowe. Sale wyk\u0142adowe i pracownie wyposa\u017cone s\u0105 w nowoczesny sprz\u0119t audio-wizualny i specjalistyczny sprz\u0119t medyczny. Pracownia komputerowa dysponuje 10 komputerami i sta\u0142ym dost\u0119pem do Internetu. Sala gimnastyczna wyposa\u017cona jest w si\u0142owni\u0119 i r\u00f3\u017cnorodny sprz\u0119t sportowy. Biblioteka szkolna, ca\u0142kowicie zniszczona po powodzi w 1997r., obecnie zawiera spory ksi\u0119gozbi\u00f3r oraz sta\u0142y dost\u0119p do Internetu.<\/p>\n<p>Na terenie szko\u0142y dzia\u0142aj\u0105 3 organizacje m\u0142odzie\u017cowe: Rada S\u0142uchaczy, Ko\u0142o Zainteresowa\u0144 Zawodem, Polski Czerwony Krzy\u017c. Ucz\u0105 one samorz\u0105dno\u015bci, rozwijaj\u0105 zainteresowania naukowe, uwra\u017cliwiaj\u0105 na potrzeby innych.<\/p>\n<p>Szko\u0142a szeroko wsp\u00f3\u0142pracuje ze \u015brodowiskiem lokalnym. D\u0142ugotrwa\u0142\u0105 wsp\u00f3\u0142prac\u0119 na terenie miasta utrzymuje z domem dziennego pobytu, domami pomocy spo\u0142ecznej, \u015brodowiskowym domem samopomocy, warsztatami terapii zaj\u0119ciowej, przedszkolem integracyjnym. W instytucjach tych m\u0142odzie\u017c opiekuje si\u0119 podopiecznymi, aktywizuje ich poprzez gry, zabawy, teatrzyki, organizowanie miko\u0142ajek.<\/p>\n<p>Szko\u0142a szeroko propaguje w \u015brodowisku akcje o\u015bwiatowo-zdrowotne w formie pogadanek, pokaz\u00f3w, konkurs\u00f3w. S\u0142uchacze przybli\u017caj\u0105 problematyk\u0119 dotycz\u0105c\u0105 na\u0142og\u00f3w, higieny osobistej, zagro\u017ce\u0144 zdrowotnych, pierwszej pomocy, zaka\u017ce\u0144 HIV, WZW w przedszkolach, szko\u0142ach podstawowych, gimnazjach, liceach, oddzia\u0142ach szpitalnych. Corocznie 30.05. szko\u0142a wsp\u00f3\u0142organizuje happening z okazji Mi\u0119dzynarodowego Dnia Bez Papierosa dla mieszka\u0144c\u00f3w miasta. Wielokrotnie w ci\u0105gu roku s\u0142uchacze organizuj\u0105 akcje bezp\u0142atnego pomiaru ci\u015bnienia krwi, systematycznie w domu dziennego pobytu, okresowo w hipermarketach i okazjonalnie podczas uroczysto\u015bci miejskich. Szko\u0142a wsp\u00f3\u0142pracuje z lokalnym Radiem Park, podejmuj\u0105c w audycjach tematyk\u0119 zdrowej \u017cywno\u015bci, szkodliwo\u015bci na\u0142og\u00f3w, problematyk\u0119 os\u00f3b niepe\u0142nosprawnych.<\/p>\n<p>S\u0142uchacze szko\u0142y wykazuj\u0105 du\u017c\u0105 wra\u017cliwo\u015b\u0107 na potrzeby os\u00f3b niepe\u0142nosprawnych, chorych organizuj\u0105c im indywidualn\u0105 opiek\u0119. Ch\u0119tnie anga\u017cuj\u0105 si\u0119 w zbi\u00f3rki pieni\u0119dzy na rzecz Wielkiej Orkiestry \u015awi\u0105tecznej Pomocy i akcj\u0119 Zarz\u0105du Rejonowego PCK &#8222;Gor\u0105czka z\u0142ota&#8221;. Pracuj\u0105 te\u017c jako wolontariusze w domach pomocy spo\u0142ecznej, domu dziennego pobytu, grupie wsparcia, \u015bwietlicy terapeutycznej. Za sw\u0105 dzia\u0142alno\u015b\u0107 w 2001r. \u0141ukasz Hutyra zosta\u0142 laureatem konkursu &#8222;8 wspania\u0142ych&#8221;, a w roku 2002 tytu\u0142 ten zdoby\u0142a Julija Hrynchyshyn i zakwalifikowa\u0142a si\u0119 do edycji krajowej. M\u0142odzie\u017c od wielu lat honorowo oddaje krew dla ratowania zdrowia i \u017cycia ludzi. Pracuje r\u00f3wnie\u017c w punktach medycznych w miejskich imprezach sportowych.<\/p>\n<p>Poza dzia\u0142alno\u015bci\u0105 o\u015bwiatow\u0105 szko\u0142a prowadzi dzia\u0142alno\u015b\u0107 gospodarcz\u0105, udost\u0119pniaj\u0105c pomieszczenia szko\u0142y na potrzeby edukacyjne.<\/p>\n","protected":false},"excerpt":{"rendered":"<p>Liceum Medyczne powsta\u0142o w K\u0119dzierzynie-Ko\u017alu w 1974r. Pocz\u0105tkowo by\u0142a to filia szko\u0142y w Raciborzu. Rok p\u00f3\u017aniej plac\u00f3wka sta\u0142a si\u0119 samodzieln\u0105 jednostk\u0105 organizacyjn\u0105. Szko\u0142a kszta\u0142ci\u0142a w 5-letnim cyklu nauczania. Funkcj\u0119 dyrektora szko\u0142y w latach 1974-1989 pe\u0142ni\u0142a mgr Alicja Kry\u015b, a od 1989 do 1995 mgr Maria Kuniak. Nad szkoleniem praktycznym opiek\u0119 sprawowa\u0142y kierowniczki mgr Bogumi\u0142a Pi\u0105tkowska [&hellip;]<\/p>\n","protected":false},"author":1,"featured_media":0,"parent":0,"menu_order":0,"comment_status":"closed","ping_status":"closed","template":"","meta":{"_acf_changed":false,"footnotes":""},"class_list":["post-2640","page","type-page","status-publish","hentry"],"acf":[],"_links":{"self":[{"href":"https:\/\/msz.k-k.pl\/medyk\/wp-json\/wp\/v2\/pages\/2640","targetHints":{"allow":["GET"]}}],"collection":[{"href":"https:\/\/msz.k-k.pl\/medyk\/wp-json\/wp\/v2\/pages"}],"about":[{"href":"https:\/\/msz.k-k.pl\/medyk\/wp-json\/wp\/v2\/types\/page"}],"author":[{"embeddable":true,"href":"https:\/\/msz.k-k.pl\/medyk\/wp-json\/wp\/v2\/users\/1"}],"replies":[{"embeddable":true,"href":"https:\/\/msz.k-k.pl\/medyk\/wp-json\/wp\/v2\/comments?post=2640"}],"version-history":[{"count":1,"href":"https:\/\/msz.k-k.pl\/medyk\/wp-json\/wp\/v2\/pages\/2640\/revisions"}],"predecessor-version":[{"id":5163,"href":"https:\/\/msz.k-k.pl\/medyk\/wp-json\/wp\/v2\/pages\/2640\/revisions\/5163"}],"wp:attachment":[{"href":"https:\/\/msz.k-k.pl\/medyk\/wp-json\/wp\/v2\/media?parent=2640"}],"curies":[{"name":"wp","href":"https:\/\/api.w.org\/{rel}","templated":true}]}}