{"id":2638,"date":"2015-12-29T14:38:43","date_gmt":"2015-12-29T13:38:43","guid":{"rendered":"http:\/\/www.kubala.tv\/projekty\/msz\/wordpress\/?page_id=2638"},"modified":"2015-12-29T14:38:43","modified_gmt":"2015-12-29T13:38:43","slug":"galeria-zdjec","status":"publish","type":"page","link":"https:\/\/msz.k-k.pl\/medyk\/galeria-zdjec\/","title":{"rendered":"Galeria zdj\u0119\u0107"},"content":{"rendered":"<p>[vc_row][vc_column][\/vc_column][\/vc_row][vc_row][vc_column][vc_gallery type=&#8221;image_grid&#8221; images=&#8221;2690,2691,2692,2693,2694,2695,2696,2697,2698,2699,2700,2701,2702,2703,2704,2705,2706,2707,2708,2709,2710,2711,2712,2713,2714,2715,2716,2717,2718,2719,2720,2721,2722,2723,2724,2725,2726,2727,2728,2729,2730,2731,2732,2733,2734,2736,2737,2738,2739&#8243; title=&#8221;Zdj\u0119cia z uroczysto\u015bci 40-lecia szko\u0142y i pierwszego zjazdu absolwent\u00f3w&#8221;][\/vc_column][\/vc_row][vc_row][vc_column][vc_gallery type=&#8221;image_grid&#8221; images=&#8221;2742,2743,2744&#8243; title=&#8221;Zdj\u0119cia z uroczysto\u015bci 40-lecia szko\u0142y i pierwszego zjazdu absolwent\u00f3w&#8221;][\/vc_column][\/vc_row][vc_row][vc_column][vc_gallery type=&#8221;image_grid&#8221; images=&#8221;2746,2747,2748,2749&#8243; title=&#8221;Imatrykulacja 2013&#8243;][\/vc_column][\/vc_row][vc_row][vc_column][vc_gallery type=&#8221;image_grid&#8221; images=&#8221;2751,2752,2753,2754,2755,2756,2757,2758,2759,2760&#8243; title=&#8221;MIEJSKIE OBCHODY DNI SENIORA I MAJOWY FESTIWAL URODY W OGRODACH ODRZA\u0143SKICH&#8221;][\/vc_column][\/vc_row][vc_row][vc_column][vc_gallery type=&#8221;image_grid&#8221; images=&#8221;2761,2762&#8243; title=&#8221;Absolwenci szko\u0142y zaocznej&#8221;][\/vc_column][\/vc_row][vc_row][vc_column][vc_gallery type=&#8221;image_grid&#8221; images=&#8221;2766,2767,2768,2769,2770,2771,2772,2773,2774,2775,2776&#8243; title=&#8221;Z \u017cycia szko\u0142y&#8221;][\/vc_column][\/vc_row][vc_row][vc_column][vc_gallery type=&#8221;image_grid&#8221; images=&#8221;2777,2778,2779,2780,2781,2782,2783,2784,2785,2786,2787,2788,2789&#8243; title=&#8221;Budynek szko\u0142y&#8221;][\/vc_column][\/vc_row][vc_row][vc_column][vc_gallery type=&#8221;image_grid&#8221; images=&#8221;2790,2791,2792,2793,2794,2795,2796,2797,2798,2799,2800,2801&#8243; title=&#8221;Regionalne Targi Edukacyjne&#8221;][\/vc_column][\/vc_row][vc_row][vc_column][vc_gallery type=&#8221;image_grid&#8221; images=&#8221;2802,2803,2804,2805,2806,2807,2808,2809,2810,2811,2812,2813,2814,2815,2816,2817,2818,2819,2820,2821,2822,2823,2824,2825,2826,2827,2828,2829,2830,2831,2832,2833,2834,2835,2836,2837,2838&#8243; title=&#8221;Zaj\u0119cia praktyczne&#8221;][\/vc_column][\/vc_row][vc_row][vc_column][vc_gallery type=&#8221;image_grid&#8221; images=&#8221;2840,2841,2842,2843,2844,2845,2846,2847,2848,2849,2850,2851,2852,2853,2854,2855,2856,2857,2858,2859,2860,2861,2862,2863,2864,2865,2866,2867,2868,2869,2870,2871,2872,2873&#8243; title=&#8221;Zaj\u0119cia w szkole&#8221;][\/vc_column][\/vc_row][vc_row][vc_column][vc_gallery type=&#8221;image_grid&#8221; images=&#8221;2874,2875,2876,2877,2878,2879,2880&#8243; title=&#8221;Wycieczki szkolne&#8221;][\/vc_column][\/vc_row][vc_row][vc_column][vc_gallery type=&#8221;image_grid&#8221; images=&#8221;2881,2882,2883,2884,2885,2886,2887,2888,2889,2890,2891,2892,2893,2894,2895,2896,2897,2898,2899,2900,2901,2902,2903,2904,2905,2906,2907,2908&#8243; title=&#8221;Zaj\u0119cia pozaszkolne&#8221;][\/vc_column][\/vc_row]<\/p>\n","protected":false},"excerpt":{"rendered":"<p>[vc_row][vc_column][\/vc_column][\/vc_row][vc_row][vc_column][vc_gallery type=&#8221;image_grid&#8221; images=&#8221;2690,2691,2692,2693,2694,2695,2696,2697,2698,2699,2700,2701,2702,2703,2704,2705,2706,2707,2708,2709,2710,2711,2712,2713,2714,2715,2716,2717,2718,2719,2720,2721,2722,2723,2724,2725,2726,2727,2728,2729,2730,2731,2732,2733,2734,2736,2737,2738,2739&#8243; title=&#8221;Zdj\u0119cia z uroczysto\u015bci 40-lecia szko\u0142y i pierwszego zjazdu absolwent\u00f3w&#8221;][\/vc_column][\/vc_row][vc_row][vc_column][vc_gallery type=&#8221;image_grid&#8221; images=&#8221;2742,2743,2744&#8243; title=&#8221;Zdj\u0119cia z uroczysto\u015bci 40-lecia szko\u0142y i pierwszego zjazdu absolwent\u00f3w&#8221;][\/vc_column][\/vc_row][vc_row][vc_column][vc_gallery type=&#8221;image_grid&#8221; images=&#8221;2746,2747,2748,2749&#8243; title=&#8221;Imatrykulacja 2013&#8243;][\/vc_column][\/vc_row][vc_row][vc_column][vc_gallery type=&#8221;image_grid&#8221; images=&#8221;2751,2752,2753,2754,2755,2756,2757,2758,2759,2760&#8243; title=&#8221;MIEJSKIE OBCHODY DNI SENIORA I MAJOWY FESTIWAL URODY W OGRODACH ODRZA\u0143SKICH&#8221;][\/vc_column][\/vc_row][vc_row][vc_column][vc_gallery type=&#8221;image_grid&#8221; images=&#8221;2761,2762&#8243; title=&#8221;Absolwenci szko\u0142y zaocznej&#8221;][\/vc_column][\/vc_row][vc_row][vc_column][vc_gallery type=&#8221;image_grid&#8221; images=&#8221;2766,2767,2768,2769,2770,2771,2772,2773,2774,2775,2776&#8243; title=&#8221;Z \u017cycia szko\u0142y&#8221;][\/vc_column][\/vc_row][vc_row][vc_column][vc_gallery type=&#8221;image_grid&#8221; images=&#8221;2777,2778,2779,2780,2781,2782,2783,2784,2785,2786,2787,2788,2789&#8243; title=&#8221;Budynek szko\u0142y&#8221;][\/vc_column][\/vc_row][vc_row][vc_column][vc_gallery type=&#8221;image_grid&#8221; [&hellip;]<\/p>\n","protected":false},"author":1,"featured_media":0,"parent":0,"menu_order":0,"comment_status":"closed","ping_status":"closed","template":"","meta":{"_acf_changed":false,"footnotes":""},"class_list":["post-2638","page","type-page","status-publish","hentry"],"acf":[],"_links":{"self":[{"href":"https:\/\/msz.k-k.pl\/medyk\/wp-json\/wp\/v2\/pages\/2638","targetHints":{"allow":["GET"]}}],"collection":[{"href":"https:\/\/msz.k-k.pl\/medyk\/wp-json\/wp\/v2\/pages"}],"about":[{"href":"https:\/\/msz.k-k.pl\/medyk\/wp-json\/wp\/v2\/types\/page"}],"author":[{"embeddable":true,"href":"https:\/\/msz.k-k.pl\/medyk\/wp-json\/wp\/v2\/users\/1"}],"replies":[{"embeddable":true,"href":"https:\/\/msz.k-k.pl\/medyk\/wp-json\/wp\/v2\/comments?post=2638"}],"version-history":[{"count":0,"href":"https:\/\/msz.k-k.pl\/medyk\/wp-json\/wp\/v2\/pages\/2638\/revisions"}],"wp:attachment":[{"href":"https:\/\/msz.k-k.pl\/medyk\/wp-json\/wp\/v2\/media?parent=2638"}],"curies":[{"name":"wp","href":"https:\/\/api.w.org\/{rel}","templated":true}]}}