{"id":2634,"date":"2015-12-29T14:34:10","date_gmt":"2015-12-29T13:34:10","guid":{"rendered":"http:\/\/www.kubala.tv\/projekty\/msz\/wordpress\/?page_id=2634"},"modified":"2025-12-22T21:12:07","modified_gmt":"2025-12-22T20:12:07","slug":"nasza-szkola","status":"publish","type":"page","link":"https:\/\/msz.k-k.pl\/medyk\/nasza-szkola\/","title":{"rendered":"Nasza szko\u0142a"},"content":{"rendered":"\r\n<div class=\"vce-row-container\" data-vce-boxed-width=\"true\">\r\n<div id=\"el-c0d043b4\" class=\"vce-row vce-row--col-gap-30 vce-row-equal-height vce-row-content--top\" data-vce-do-apply=\"all el-c0d043b4\">\r\n<div class=\"vce-row-content\" data-vce-element-content=\"true\">\r\n\r\n\r\n<div id=\"el-0fe88673\" class=\"vce-col vce-col--md-auto vce-col--xs-1 vce-col--xs-last vce-col--xs-first vce-col--sm-last vce-col--sm-first vce-col--md-last vce-col--lg-last vce-col--xl-last vce-col--md-first vce-col--lg-first vce-col--xl-first\">\r\n<div class=\"vce-col-inner\" data-vce-do-apply=\"border margin background el-0fe88673\">\r\n<div class=\"vce-col-content\" data-vce-element-content=\"true\" data-vce-do-apply=\"padding el-0fe88673\">\r\n\r\n\r\n<div class=\"vce-text-block\">\r\n<div id=\"el-99e97528\" class=\"vce-text-block-wrapper vce\" data-vce-do-apply=\"all el-99e97528\">\r\n<h2>Kadra pedagogiczna Zespo\u0142u Szk\u00f3\u0142 Medycznych w K\u0119dzierzynie-Ko\u017alu:<\/h2>\r\n<ul>\r\n \t<li>mgr Miros\u0142awa Szamatowicz \u2013 dyrektor<\/li>\r\n \t<li>mgr Ewa\u00a0 Mende \u2013 kierownik szkolenia praktycznego<\/li>\r\n \t<li>mgr Maria Szymczak-Worek<\/li>\r\n \t<li>mgr Irena Tymora<\/li>\r\n \t<li>mgr \u0141ukasz Mitr\u0119ga<\/li>\r\n \t<li>mgr Piotr Biela\u0144ski<\/li>\r\n \t<li>mgr Bernadetta Skulska<\/li>\r\n \t<li>mgr Agnieszka Rawska<\/li>\r\n \t<li>mgr Agnieszka Urban<\/li>\r\n \t<li>mgr Katarzyna Sawczuk<\/li>\r\n \t<li>mgr Agata Ta\u0144ska<\/li>\r\n \t<li>mgr Patrycja Zbirug<\/li>\r\n<\/ul>\r\n<\/div>\r\n<\/div>\r\n\r\n\r\n<\/div>\r\n<\/div>\r\n<\/div>\r\n\r\n\r\n<\/div>\r\n<\/div>\r\n<\/div>\r\n\n","protected":false},"excerpt":{"rendered":"<p>Kadra pedagogiczna Zespo\u0142u Szk\u00f3\u0142 Medycznych w K\u0119dzierzynie-Ko\u017alu: mgr Miros\u0142awa Szamatowicz \u2013 dyrektor mgr Ewa\u00a0 Mende \u2013 kierownik szkolenia praktycznego mgr Maria Szymczak-Worek mgr Irena Tymora mgr \u0141ukasz Mitr\u0119ga mgr Piotr Biela\u0144ski mgr Bernadetta Skulska mgr Agnieszka Rawska mgr Agnieszka Urban mgr Katarzyna Sawczuk mgr Agata Ta\u0144ska mgr Patrycja Zbirug<\/p>\n","protected":false},"author":1,"featured_media":0,"parent":0,"menu_order":0,"comment_status":"closed","ping_status":"closed","template":"","meta":{"_acf_changed":false,"footnotes":""},"class_list":["post-2634","page","type-page","status-publish","hentry"],"acf":[],"_links":{"self":[{"href":"https:\/\/msz.k-k.pl\/medyk\/wp-json\/wp\/v2\/pages\/2634","targetHints":{"allow":["GET"]}}],"collection":[{"href":"https:\/\/msz.k-k.pl\/medyk\/wp-json\/wp\/v2\/pages"}],"about":[{"href":"https:\/\/msz.k-k.pl\/medyk\/wp-json\/wp\/v2\/types\/page"}],"author":[{"embeddable":true,"href":"https:\/\/msz.k-k.pl\/medyk\/wp-json\/wp\/v2\/users\/1"}],"replies":[{"embeddable":true,"href":"https:\/\/msz.k-k.pl\/medyk\/wp-json\/wp\/v2\/comments?post=2634"}],"version-history":[{"count":3,"href":"https:\/\/msz.k-k.pl\/medyk\/wp-json\/wp\/v2\/pages\/2634\/revisions"}],"predecessor-version":[{"id":5501,"href":"https:\/\/msz.k-k.pl\/medyk\/wp-json\/wp\/v2\/pages\/2634\/revisions\/5501"}],"wp:attachment":[{"href":"https:\/\/msz.k-k.pl\/medyk\/wp-json\/wp\/v2\/media?parent=2634"}],"curies":[{"name":"wp","href":"https:\/\/api.w.org\/{rel}","templated":true}]}}