{"id":2626,"date":"2015-12-29T14:18:33","date_gmt":"2015-12-29T13:18:33","guid":{"rendered":"http:\/\/www.kubala.tv\/projekty\/msz\/wordpress\/?page_id=2626"},"modified":"2025-09-01T10:14:32","modified_gmt":"2025-09-01T08:14:32","slug":"ubezpieczenie","status":"publish","type":"page","link":"https:\/\/msz.k-k.pl\/medyk\/ubezpieczenie\/","title":{"rendered":"Ubezpieczenie"},"content":{"rendered":"<div class=\"vce-row-container\" data-vce-boxed-width=\"true\"><div class=\"vce-row vce-row--col-gap-30 vce-row-equal-height vce-row-content--top\" id=\"el-a9a15173\" data-vce-do-apply=\"all el-a9a15173\"><div class=\"vce-row-content\" data-vce-element-content=\"true\"><div class=\"vce-col vce-col--md-auto vce-col--xs-1 vce-col--xs-last vce-col--xs-first vce-col--sm-last vce-col--sm-first vce-col--md-last vce-col--lg-last vce-col--xl-last vce-col--md-first vce-col--lg-first vce-col--xl-first\" id=\"el-3eaf3760\"><div class=\"vce-col-inner\" data-vce-do-apply=\"border margin background  el-3eaf3760\"><div class=\"vce-col-content\" data-vce-element-content=\"true\" data-vce-do-apply=\"padding el-3eaf3760\"><div class=\"vce-text-block\"><div class=\"vce-text-block-wrapper vce\" id=\"el-3ef280e1\" data-vce-do-apply=\"all el-3ef280e1\"><h4><strong>Ubezpieczenie<\/strong><\/h4><p>Uczniowie i s\u0142uchacze na czas odbywania praktyk zawodowych i zaj\u0119\u0107 praktycznych powinni posiada\u0107 aktualne ubezpieczenie od nast\u0119pstw nieszcz\u0119\u015bliwych wypadk\u00f3w (NW) oraz od odpowiedzialno\u015bci cywilnej (OC) w wybranym zawodzie.<\/p><\/div><\/div><\/div><\/div><\/div><\/div><\/div><\/div>\n","protected":false},"excerpt":{"rendered":"<p>UbezpieczenieUczniowie i s\u0142uchacze na czas odbywania praktyk zawodowych i zaj\u0119\u0107 praktycznych powinni posiada\u0107 aktualne ubezpieczenie od nast\u0119pstw nieszcz\u0119\u015bliwych wypadk\u00f3w (NW) oraz od odpowiedzialno\u015bci cywilnej (OC) w wybranym zawodzie.<\/p>\n","protected":false},"author":1,"featured_media":0,"parent":0,"menu_order":0,"comment_status":"closed","ping_status":"closed","template":"","meta":{"_acf_changed":false,"footnotes":""},"class_list":["post-2626","page","type-page","status-publish","hentry"],"acf":[],"_links":{"self":[{"href":"https:\/\/msz.k-k.pl\/medyk\/wp-json\/wp\/v2\/pages\/2626","targetHints":{"allow":["GET"]}}],"collection":[{"href":"https:\/\/msz.k-k.pl\/medyk\/wp-json\/wp\/v2\/pages"}],"about":[{"href":"https:\/\/msz.k-k.pl\/medyk\/wp-json\/wp\/v2\/types\/page"}],"author":[{"embeddable":true,"href":"https:\/\/msz.k-k.pl\/medyk\/wp-json\/wp\/v2\/users\/1"}],"replies":[{"embeddable":true,"href":"https:\/\/msz.k-k.pl\/medyk\/wp-json\/wp\/v2\/comments?post=2626"}],"version-history":[{"count":2,"href":"https:\/\/msz.k-k.pl\/medyk\/wp-json\/wp\/v2\/pages\/2626\/revisions"}],"predecessor-version":[{"id":5492,"href":"https:\/\/msz.k-k.pl\/medyk\/wp-json\/wp\/v2\/pages\/2626\/revisions\/5492"}],"wp:attachment":[{"href":"https:\/\/msz.k-k.pl\/medyk\/wp-json\/wp\/v2\/media?parent=2626"}],"curies":[{"name":"wp","href":"https:\/\/api.w.org\/{rel}","templated":true}]}}