{"id":2612,"date":"2015-12-29T13:19:51","date_gmt":"2015-12-29T12:19:51","guid":{"rendered":"http:\/\/www.kubala.tv\/projekty\/msz\/wordpress\/?page_id=2612"},"modified":"2025-06-25T11:19:12","modified_gmt":"2025-06-25T09:19:12","slug":"samorzad-uczniowski-i-rada-sluchaczy","status":"publish","type":"page","link":"https:\/\/msz.k-k.pl\/medyk\/samorzad-uczniowski-i-rada-sluchaczy\/","title":{"rendered":"Rada S\u0142uchaczy"},"content":{"rendered":"<div class=\"vce-row-container\" data-vce-boxed-width=\"true\"><div class=\"vce-row vce-row--col-gap-30 vce-row-equal-height vce-row-content--top\" id=\"el-4fe291c7\" data-vce-do-apply=\"all el-4fe291c7\"><div class=\"vce-row-content\" data-vce-element-content=\"true\"><div class=\"vce-col vce-col--md-auto vce-col--xs-1 vce-col--xs-last vce-col--xs-first vce-col--sm-last vce-col--sm-first vce-col--md-last vce-col--lg-last vce-col--xl-last vce-col--md-first vce-col--lg-first vce-col--xl-first\" id=\"el-a21afa5c\"><div class=\"vce-col-inner\" data-vce-do-apply=\"border margin background  el-a21afa5c\"><div class=\"vce-col-content\" data-vce-element-content=\"true\" data-vce-do-apply=\"padding el-a21afa5c\"><div class=\"vce-text-block\"><div class=\"vce-text-block-wrapper vce\" id=\"el-4371eb59\" data-vce-do-apply=\"all el-4371eb59\"><p>&nbsp;<\/p><p>W zespole dzia\u0142a&nbsp;&nbsp;Rada S\u0142uchaczy, kt\u00f3r\u0105 tworz\u0105 s\u0142uchacze Wojew\u00f3dzkiej Szko\u0142y Policealnej stacjonarnej i zaocznej. Rada s\u0142uchaczy wspiera dzia\u0142alno\u015b\u0107 statutow\u0105 zespo\u0142u. Przedstawia radzie pedagogicznej oraz dyrektorowi zespo\u0142u wnioski i opinie we wszystkich sprawach szkolnych, wyst\u0119puje w roli rzecznika spraw s\u0142uchaczy.<\/p><\/div><\/div><\/div><\/div><\/div><\/div><\/div><\/div>\n","protected":false},"excerpt":{"rendered":"<p>&nbsp;W zespole dzia\u0142a&nbsp;&nbsp;Rada S\u0142uchaczy, kt\u00f3r\u0105 tworz\u0105 s\u0142uchacze Wojew\u00f3dzkiej Szko\u0142y Policealnej stacjonarnej i zaocznej. Rada s\u0142uchaczy wspiera dzia\u0142alno\u015b\u0107 statutow\u0105 zespo\u0142u. Przedstawia radzie pedagogicznej oraz dyrektorowi zespo\u0142u wnioski i opinie we wszystkich sprawach szkolnych, wyst\u0119puje w roli rzecznika spraw s\u0142uchaczy.<\/p>\n","protected":false},"author":1,"featured_media":0,"parent":0,"menu_order":0,"comment_status":"closed","ping_status":"closed","template":"","meta":{"_acf_changed":false,"footnotes":""},"class_list":["post-2612","page","type-page","status-publish","hentry"],"acf":[],"_links":{"self":[{"href":"https:\/\/msz.k-k.pl\/medyk\/wp-json\/wp\/v2\/pages\/2612","targetHints":{"allow":["GET"]}}],"collection":[{"href":"https:\/\/msz.k-k.pl\/medyk\/wp-json\/wp\/v2\/pages"}],"about":[{"href":"https:\/\/msz.k-k.pl\/medyk\/wp-json\/wp\/v2\/types\/page"}],"author":[{"embeddable":true,"href":"https:\/\/msz.k-k.pl\/medyk\/wp-json\/wp\/v2\/users\/1"}],"replies":[{"embeddable":true,"href":"https:\/\/msz.k-k.pl\/medyk\/wp-json\/wp\/v2\/comments?post=2612"}],"version-history":[{"count":3,"href":"https:\/\/msz.k-k.pl\/medyk\/wp-json\/wp\/v2\/pages\/2612\/revisions"}],"predecessor-version":[{"id":5471,"href":"https:\/\/msz.k-k.pl\/medyk\/wp-json\/wp\/v2\/pages\/2612\/revisions\/5471"}],"wp:attachment":[{"href":"https:\/\/msz.k-k.pl\/medyk\/wp-json\/wp\/v2\/media?parent=2612"}],"curies":[{"name":"wp","href":"https:\/\/api.w.org\/{rel}","templated":true}]}}