{"id":2609,"date":"2015-12-29T13:15:17","date_gmt":"2015-12-29T12:15:17","guid":{"rendered":"http:\/\/www.kubala.tv\/projekty\/msz\/wordpress\/?page_id=2609"},"modified":"2025-08-29T10:51:13","modified_gmt":"2025-08-29T08:51:13","slug":"plany-zajec","status":"publish","type":"page","link":"https:\/\/msz.k-k.pl\/medyk\/plany-zajec\/","title":{"rendered":"Plany zaj\u0119\u0107"},"content":{"rendered":"<div class=\"vce-row-container\" data-vce-boxed-width=\"true\"><div class=\"vce-row vce-row--col-gap-30 vce-row-equal-height vce-row-content--top\" id=\"el-48415b9a\" data-vce-do-apply=\"all el-48415b9a\"><div class=\"vce-row-content\" data-vce-element-content=\"true\"><div class=\"vce-col vce-col--md-auto vce-col--xs-1 vce-col--xs-last vce-col--xs-first vce-col--sm-last vce-col--sm-first vce-col--md-last vce-col--lg-last vce-col--xl-last vce-col--md-first vce-col--lg-first vce-col--xl-first\" id=\"el-44acb37c\"><div class=\"vce-col-inner\" data-vce-do-apply=\"border margin background  el-44acb37c\"><div class=\"vce-col-content\" data-vce-element-content=\"true\" data-vce-do-apply=\"padding el-44acb37c\"><div class=\"vce-text-block\"><div class=\"vce-text-block-wrapper vce\" id=\"el-576bf07e\" data-vce-do-apply=\"all el-576bf07e\"><p class=\"standard-txt\">Plan zaj\u0119\u0107<\/p><p class=\"standard-txt\">Pobierz plan: <a href=\"https:\/\/msz.k-k.pl\/medyk\/wp-content\/uploads\/2025\/08\/Nr_1.pdf\">Plan zaj\u0119\u0107 nr 1 (PDF)<\/a><\/p><\/div><\/div><\/div><\/div><\/div><\/div><\/div><\/div>\n","protected":false},"excerpt":{"rendered":"<p>Plan zaj\u0119\u0107Pobierz plan: Plan zaj\u0119\u0107 nr 1 (PDF)<\/p>\n","protected":false},"author":1,"featured_media":0,"parent":0,"menu_order":0,"comment_status":"closed","ping_status":"closed","template":"","meta":{"_acf_changed":false,"footnotes":""},"class_list":["post-2609","page","type-page","status-publish","hentry"],"acf":[],"_links":{"self":[{"href":"https:\/\/msz.k-k.pl\/medyk\/wp-json\/wp\/v2\/pages\/2609","targetHints":{"allow":["GET"]}}],"collection":[{"href":"https:\/\/msz.k-k.pl\/medyk\/wp-json\/wp\/v2\/pages"}],"about":[{"href":"https:\/\/msz.k-k.pl\/medyk\/wp-json\/wp\/v2\/types\/page"}],"author":[{"embeddable":true,"href":"https:\/\/msz.k-k.pl\/medyk\/wp-json\/wp\/v2\/users\/1"}],"replies":[{"embeddable":true,"href":"https:\/\/msz.k-k.pl\/medyk\/wp-json\/wp\/v2\/comments?post=2609"}],"version-history":[{"count":4,"href":"https:\/\/msz.k-k.pl\/medyk\/wp-json\/wp\/v2\/pages\/2609\/revisions"}],"predecessor-version":[{"id":5487,"href":"https:\/\/msz.k-k.pl\/medyk\/wp-json\/wp\/v2\/pages\/2609\/revisions\/5487"}],"wp:attachment":[{"href":"https:\/\/msz.k-k.pl\/medyk\/wp-json\/wp\/v2\/media?parent=2609"}],"curies":[{"name":"wp","href":"https:\/\/api.w.org\/{rel}","templated":true}]}}