{"id":2607,"date":"2015-12-29T13:13:48","date_gmt":"2015-12-29T12:13:48","guid":{"rendered":"http:\/\/www.kubala.tv\/projekty\/msz\/wordpress\/?page_id=2607"},"modified":"2015-12-29T13:13:48","modified_gmt":"2015-12-29T12:13:48","slug":"przydatne-linki","status":"publish","type":"page","link":"https:\/\/msz.k-k.pl\/medyk\/przydatne-linki\/","title":{"rendered":"Przydatne linki"},"content":{"rendered":"<p>[vc_row][vc_column][vc_column_text]<\/p>\n<h3 class=\"standard-txt\"><strong>Nasz region<\/strong><\/h3>\n<ul>\n<li class=\"standard-txt\">Strona miasta K\u0119dzierzyn-Ko\u017ale &#8211;\u00a0<a href=\"http:\/\/www.kedzierzynkozle.pl\/\">http:\/\/www.kedzierzynkozle.pl<\/a><\/li>\n<li class=\"standard-txt\">Strona powiatu K\u0119dzierzyn-Ko\u017ale &#8211;\u00a0<a href=\"http:\/\/www.kedzierzyn-kozle.pl\/\">http:\/\/www.kedzierzyn-kozle.pl<\/a><\/li>\n<li class=\"standard-txt\">Strona wojew\u00f3dztwa opolskiego &#8211;\u00a0<a href=\"http:\/\/www.wrotaopolszczyzny.pl\/\">http:\/\/www.wrotaopolszczyzny.pl<\/a><\/li>\n<\/ul>\n<h3 class=\"standard-txt\"><strong>R\u00f3\u017cne<\/strong><\/h3>\n<ul>\n<li class=\"standard-txt\">Okr\u0119gowa Komisja Egzaminacyjna we Wroc\u0142awiu &#8211;\u00a0<a href=\"http:\/\/www.oke.wroc.pl\/\">http:\/\/www.oke.wroc.pl<\/a><\/li>\n<li class=\"standard-txt\">Centralna Komisja Egzaminacyjna &#8211;\u00a0<a href=\"http:\/\/www.cke.edu.pl\/\">http:\/\/www.cke.edu.pl<\/a><\/li>\n<li class=\"standard-txt\">Ministerstwo Edukacji Narodowej &#8211;\u00a0<a href=\"http:\/\/www.men.gov.pl\/\">http:\/\/www.men.gov.pl<\/a><\/li>\n<li class=\"standard-txt\">Bykom Stop! &#8211;\u00a0<a href=\"http:\/\/www.bykom-stop.avx.pl\/\">http:\/\/www.bykom-stop.avx.pl<\/a><\/li>\n<\/ul>\n<p>[\/vc_column_text][\/vc_column][\/vc_row]<\/p>\n","protected":false},"excerpt":{"rendered":"<p>[vc_row][vc_column][vc_column_text] Nasz region Strona miasta K\u0119dzierzyn-Ko\u017ale &#8211;\u00a0http:\/\/www.kedzierzynkozle.pl Strona powiatu K\u0119dzierzyn-Ko\u017ale &#8211;\u00a0http:\/\/www.kedzierzyn-kozle.pl Strona wojew\u00f3dztwa opolskiego &#8211;\u00a0http:\/\/www.wrotaopolszczyzny.pl R\u00f3\u017cne Okr\u0119gowa Komisja Egzaminacyjna we Wroc\u0142awiu &#8211;\u00a0http:\/\/www.oke.wroc.pl Centralna Komisja Egzaminacyjna &#8211;\u00a0http:\/\/www.cke.edu.pl Ministerstwo Edukacji Narodowej &#8211;\u00a0http:\/\/www.men.gov.pl Bykom Stop! &#8211;\u00a0http:\/\/www.bykom-stop.avx.pl [\/vc_column_text][\/vc_column][\/vc_row]<\/p>\n","protected":false},"author":1,"featured_media":0,"parent":0,"menu_order":0,"comment_status":"closed","ping_status":"closed","template":"","meta":{"_acf_changed":false,"footnotes":""},"class_list":["post-2607","page","type-page","status-publish","hentry"],"acf":[],"_links":{"self":[{"href":"https:\/\/msz.k-k.pl\/medyk\/wp-json\/wp\/v2\/pages\/2607","targetHints":{"allow":["GET"]}}],"collection":[{"href":"https:\/\/msz.k-k.pl\/medyk\/wp-json\/wp\/v2\/pages"}],"about":[{"href":"https:\/\/msz.k-k.pl\/medyk\/wp-json\/wp\/v2\/types\/page"}],"author":[{"embeddable":true,"href":"https:\/\/msz.k-k.pl\/medyk\/wp-json\/wp\/v2\/users\/1"}],"replies":[{"embeddable":true,"href":"https:\/\/msz.k-k.pl\/medyk\/wp-json\/wp\/v2\/comments?post=2607"}],"version-history":[{"count":0,"href":"https:\/\/msz.k-k.pl\/medyk\/wp-json\/wp\/v2\/pages\/2607\/revisions"}],"wp:attachment":[{"href":"https:\/\/msz.k-k.pl\/medyk\/wp-json\/wp\/v2\/media?parent=2607"}],"curies":[{"name":"wp","href":"https:\/\/api.w.org\/{rel}","templated":true}]}}